{"id":18,"date":"2017-10-26T11:39:02","date_gmt":"2017-10-26T09:39:02","guid":{"rendered":"http:\/\/www.osteopathe.desailly-sante.fr\/site\/?page_id=18"},"modified":"2025-07-06T15:32:47","modified_gmt":"2025-07-06T13:32:47","slug":"contact","status":"publish","type":"page","link":"https:\/\/www.osteopathe.desailly-sante.fr\/site\/contact\/","title":{"rendered":"Contact"},"content":{"rendered":"<p><strong>Horaires d\u2019ouvertures :<\/strong><\/p>\n<ul>\n<li>Lundi \u2013 Vendredi : 8h15-19h<\/li>\n<li>Samedi : 9h-12h45<\/li>\n<\/ul>\n<p><strong>Cabinet d\u2019Ost\u00e9opathie de Beaurains :<\/strong><\/p>\n<p>100 Place Ren\u00e9 Varlet<\/p>\n<p>62217 Beaurains<\/p>\n<p><a href=\"tel:0033321606928\">03.21.60.69.28<\/a> \/ \u00a0<a href=\"tel:0033689936572\">06.89.93.65.72<\/a><\/p>\n<p><strong>Prise de rendez-vous planning en ligne :<\/strong><\/p>\n<p><a href=\"https:\/\/www.doctolib.fr\/osteopathe\/beaurains\/bastien-desailly\"><img loading=\"lazy\" decoding=\"async\" class=\"size-medium wp-image-145 aligncenter\" src=\"http:\/\/www.osteopathe.desailly-sante.fr\/site\/wp-content\/uploads\/2017\/10\/doctolib-modif_1507906212-300x193.png\" alt=\"\" width=\"300\" height=\"193\" srcset=\"https:\/\/www.osteopathe.desailly-sante.fr\/site\/wp-content\/uploads\/2017\/10\/doctolib-modif_1507906212-300x193.png 300w, https:\/\/www.osteopathe.desailly-sante.fr\/site\/wp-content\/uploads\/2017\/10\/doctolib-modif_1507906212.png 593w\" sizes=\"auto, (max-width: 300px) 100vw, 300px\" \/><\/a><\/p>\n","protected":false},"excerpt":{"rendered":"<p>Horaires d\u2019ouvertures : Lundi \u2013 Vendredi : 8h15-19h Samedi : 9h-12h45 Cabinet d\u2019Ost\u00e9opathie de Beaurains : 100 Place Ren\u00e9 Varlet 62217 Beaurains 03.21.60.69.28 \/ \u00a006.89.93.65.72 Prise de rendez-vous planning en ligne :<\/p>\n","protected":false},"author":1,"featured_media":0,"parent":0,"menu_order":0,"comment_status":"closed","ping_status":"closed","template":"","meta":{"_exactmetrics_skip_tracking":false,"_exactmetrics_sitenote_active":false,"_exactmetrics_sitenote_note":"","_exactmetrics_sitenote_category":0,"footnotes":""},"class_list":["post-18","page","type-page","status-publish","hentry"],"yoast_head":"<!-- This site is optimized with the Yoast SEO plugin v25.8 - https:\/\/yoast.com\/wordpress\/plugins\/seo\/ -->\n<title>Contact - Bastien Desailly Ost\u00e9opathe D.O<\/title>\n<meta name=\"robots\" content=\"index, follow, max-snippet:-1, max-image-preview:large, max-video-preview:-1\" \/>\n<link rel=\"canonical\" href=\"https:\/\/www.osteopathe.desailly-sante.fr\/site\/contact\/\" \/>\n<meta property=\"og:locale\" content=\"fr_FR\" \/>\n<meta property=\"og:type\" content=\"article\" \/>\n<meta property=\"og:title\" content=\"Contact - Bastien Desailly Ost\u00e9opathe D.O\" \/>\n<meta property=\"og:description\" content=\"Horaires d\u2019ouvertures : Lundi \u2013 Vendredi : 8h15-19h Samedi : 9h-12h45 Cabinet d\u2019Ost\u00e9opathie de Beaurains : 100 Place Ren\u00e9 Varlet 62217 Beaurains 03.21.60.69.28 \/ \u00a006.89.93.65.72 Prise de rendez-vous planning en ligne :\" \/>\n<meta property=\"og:url\" content=\"https:\/\/www.osteopathe.desailly-sante.fr\/site\/contact\/\" \/>\n<meta property=\"og:site_name\" content=\"Bastien Desailly Ost\u00e9opathe D.O\" \/>\n<meta property=\"article:publisher\" content=\"https:\/\/www.facebook.com\/profile.php?id=100049359626183\" \/>\n<meta property=\"article:modified_time\" content=\"2025-07-06T13:32:47+00:00\" \/>\n<meta property=\"og:image\" content=\"http:\/\/www.osteopathe.desailly-sante.fr\/site\/wp-content\/uploads\/2017\/10\/doctolib-modif_1507906212-300x193.png\" \/>\n<meta name=\"twitter:card\" content=\"summary_large_image\" \/>\n<script type=\"application\/ld+json\" class=\"yoast-schema-graph\">{\"@context\":\"https:\/\/schema.org\",\"@graph\":[{\"@type\":\"WebPage\",\"@id\":\"https:\/\/www.osteopathe.desailly-sante.fr\/site\/contact\/\",\"url\":\"https:\/\/www.osteopathe.desailly-sante.fr\/site\/contact\/\",\"name\":\"Contact - Bastien Desailly Ost\u00e9opathe D.O\",\"isPartOf\":{\"@id\":\"https:\/\/www.osteopathe.desailly-sante.fr\/site\/#website\"},\"primaryImageOfPage\":{\"@id\":\"https:\/\/www.osteopathe.desailly-sante.fr\/site\/contact\/#primaryimage\"},\"image\":{\"@id\":\"https:\/\/www.osteopathe.desailly-sante.fr\/site\/contact\/#primaryimage\"},\"thumbnailUrl\":\"http:\/\/www.osteopathe.desailly-sante.fr\/site\/wp-content\/uploads\/2017\/10\/doctolib-modif_1507906212-300x193.png\",\"datePublished\":\"2017-10-26T09:39:02+00:00\",\"dateModified\":\"2025-07-06T13:32:47+00:00\",\"breadcrumb\":{\"@id\":\"https:\/\/www.osteopathe.desailly-sante.fr\/site\/contact\/#breadcrumb\"},\"inLanguage\":\"fr-FR\",\"potentialAction\":[{\"@type\":\"ReadAction\",\"target\":[\"https:\/\/www.osteopathe.desailly-sante.fr\/site\/contact\/\"]}]},{\"@type\":\"ImageObject\",\"inLanguage\":\"fr-FR\",\"@id\":\"https:\/\/www.osteopathe.desailly-sante.fr\/site\/contact\/#primaryimage\",\"url\":\"https:\/\/www.osteopathe.desailly-sante.fr\/site\/wp-content\/uploads\/2017\/10\/doctolib-modif_1507906212.png\",\"contentUrl\":\"https:\/\/www.osteopathe.desailly-sante.fr\/site\/wp-content\/uploads\/2017\/10\/doctolib-modif_1507906212.png\",\"width\":593,\"height\":382},{\"@type\":\"BreadcrumbList\",\"@id\":\"https:\/\/www.osteopathe.desailly-sante.fr\/site\/contact\/#breadcrumb\",\"itemListElement\":[{\"@type\":\"ListItem\",\"position\":1,\"name\":\"Accueil\",\"item\":\"https:\/\/www.osteopathe.desailly-sante.fr\/site\/\"},{\"@type\":\"ListItem\",\"position\":2,\"name\":\"Contact\"}]},{\"@type\":\"WebSite\",\"@id\":\"https:\/\/www.osteopathe.desailly-sante.fr\/site\/#website\",\"url\":\"https:\/\/www.osteopathe.desailly-sante.fr\/site\/\",\"name\":\"Bastien Desailly Ost\u00e9opathe D.O\",\"description\":\"Certification en Ost\u00e9opathie P\u00e9diatrique\",\"publisher\":{\"@id\":\"https:\/\/www.osteopathe.desailly-sante.fr\/site\/#organization\"},\"potentialAction\":[{\"@type\":\"SearchAction\",\"target\":{\"@type\":\"EntryPoint\",\"urlTemplate\":\"https:\/\/www.osteopathe.desailly-sante.fr\/site\/?s={search_term_string}\"},\"query-input\":{\"@type\":\"PropertyValueSpecification\",\"valueRequired\":true,\"valueName\":\"search_term_string\"}}],\"inLanguage\":\"fr-FR\"},{\"@type\":\"Organization\",\"@id\":\"https:\/\/www.osteopathe.desailly-sante.fr\/site\/#organization\",\"name\":\"Bastien Desailly Ost\u00e9opathe D.O\",\"url\":\"https:\/\/www.osteopathe.desailly-sante.fr\/site\/\",\"logo\":{\"@type\":\"ImageObject\",\"inLanguage\":\"fr-FR\",\"@id\":\"https:\/\/www.osteopathe.desailly-sante.fr\/site\/#\/schema\/logo\/image\/\",\"url\":\"http:\/\/www.osteopathe.desailly-sante.fr\/site\/wp-content\/uploads\/2025\/06\/preview.png\",\"contentUrl\":\"http:\/\/www.osteopathe.desailly-sante.fr\/site\/wp-content\/uploads\/2025\/06\/preview.png\",\"width\":1076,\"height\":1769,\"caption\":\"Bastien Desailly Ost\u00e9opathe D.O\"},\"image\":{\"@id\":\"https:\/\/www.osteopathe.desailly-sante.fr\/site\/#\/schema\/logo\/image\/\"},\"sameAs\":[\"https:\/\/www.facebook.com\/profile.php?id=100049359626183\"]}]}<\/script>\n<!-- \/ Yoast SEO plugin. -->","yoast_head_json":{"title":"Contact - Bastien Desailly Ost\u00e9opathe D.O","robots":{"index":"index","follow":"follow","max-snippet":"max-snippet:-1","max-image-preview":"max-image-preview:large","max-video-preview":"max-video-preview:-1"},"canonical":"https:\/\/www.osteopathe.desailly-sante.fr\/site\/contact\/","og_locale":"fr_FR","og_type":"article","og_title":"Contact - Bastien Desailly Ost\u00e9opathe D.O","og_description":"Horaires d\u2019ouvertures : Lundi \u2013 Vendredi : 8h15-19h Samedi : 9h-12h45 Cabinet d\u2019Ost\u00e9opathie de Beaurains : 100 Place Ren\u00e9 Varlet 62217 Beaurains 03.21.60.69.28 \/ \u00a006.89.93.65.72 Prise de rendez-vous planning en ligne :","og_url":"https:\/\/www.osteopathe.desailly-sante.fr\/site\/contact\/","og_site_name":"Bastien Desailly Ost\u00e9opathe D.O","article_publisher":"https:\/\/www.facebook.com\/profile.php?id=100049359626183","article_modified_time":"2025-07-06T13:32:47+00:00","og_image":[{"url":"http:\/\/www.osteopathe.desailly-sante.fr\/site\/wp-content\/uploads\/2017\/10\/doctolib-modif_1507906212-300x193.png","type":"","width":"","height":""}],"twitter_card":"summary_large_image","schema":{"@context":"https:\/\/schema.org","@graph":[{"@type":"WebPage","@id":"https:\/\/www.osteopathe.desailly-sante.fr\/site\/contact\/","url":"https:\/\/www.osteopathe.desailly-sante.fr\/site\/contact\/","name":"Contact - Bastien Desailly Ost\u00e9opathe D.O","isPartOf":{"@id":"https:\/\/www.osteopathe.desailly-sante.fr\/site\/#website"},"primaryImageOfPage":{"@id":"https:\/\/www.osteopathe.desailly-sante.fr\/site\/contact\/#primaryimage"},"image":{"@id":"https:\/\/www.osteopathe.desailly-sante.fr\/site\/contact\/#primaryimage"},"thumbnailUrl":"http:\/\/www.osteopathe.desailly-sante.fr\/site\/wp-content\/uploads\/2017\/10\/doctolib-modif_1507906212-300x193.png","datePublished":"2017-10-26T09:39:02+00:00","dateModified":"2025-07-06T13:32:47+00:00","breadcrumb":{"@id":"https:\/\/www.osteopathe.desailly-sante.fr\/site\/contact\/#breadcrumb"},"inLanguage":"fr-FR","potentialAction":[{"@type":"ReadAction","target":["https:\/\/www.osteopathe.desailly-sante.fr\/site\/contact\/"]}]},{"@type":"ImageObject","inLanguage":"fr-FR","@id":"https:\/\/www.osteopathe.desailly-sante.fr\/site\/contact\/#primaryimage","url":"https:\/\/www.osteopathe.desailly-sante.fr\/site\/wp-content\/uploads\/2017\/10\/doctolib-modif_1507906212.png","contentUrl":"https:\/\/www.osteopathe.desailly-sante.fr\/site\/wp-content\/uploads\/2017\/10\/doctolib-modif_1507906212.png","width":593,"height":382},{"@type":"BreadcrumbList","@id":"https:\/\/www.osteopathe.desailly-sante.fr\/site\/contact\/#breadcrumb","itemListElement":[{"@type":"ListItem","position":1,"name":"Accueil","item":"https:\/\/www.osteopathe.desailly-sante.fr\/site\/"},{"@type":"ListItem","position":2,"name":"Contact"}]},{"@type":"WebSite","@id":"https:\/\/www.osteopathe.desailly-sante.fr\/site\/#website","url":"https:\/\/www.osteopathe.desailly-sante.fr\/site\/","name":"Bastien Desailly Ost\u00e9opathe D.O","description":"Certification en Ost\u00e9opathie P\u00e9diatrique","publisher":{"@id":"https:\/\/www.osteopathe.desailly-sante.fr\/site\/#organization"},"potentialAction":[{"@type":"SearchAction","target":{"@type":"EntryPoint","urlTemplate":"https:\/\/www.osteopathe.desailly-sante.fr\/site\/?s={search_term_string}"},"query-input":{"@type":"PropertyValueSpecification","valueRequired":true,"valueName":"search_term_string"}}],"inLanguage":"fr-FR"},{"@type":"Organization","@id":"https:\/\/www.osteopathe.desailly-sante.fr\/site\/#organization","name":"Bastien Desailly Ost\u00e9opathe D.O","url":"https:\/\/www.osteopathe.desailly-sante.fr\/site\/","logo":{"@type":"ImageObject","inLanguage":"fr-FR","@id":"https:\/\/www.osteopathe.desailly-sante.fr\/site\/#\/schema\/logo\/image\/","url":"http:\/\/www.osteopathe.desailly-sante.fr\/site\/wp-content\/uploads\/2025\/06\/preview.png","contentUrl":"http:\/\/www.osteopathe.desailly-sante.fr\/site\/wp-content\/uploads\/2025\/06\/preview.png","width":1076,"height":1769,"caption":"Bastien Desailly Ost\u00e9opathe D.O"},"image":{"@id":"https:\/\/www.osteopathe.desailly-sante.fr\/site\/#\/schema\/logo\/image\/"},"sameAs":["https:\/\/www.facebook.com\/profile.php?id=100049359626183"]}]}},"_links":{"self":[{"href":"https:\/\/www.osteopathe.desailly-sante.fr\/site\/wp-json\/wp\/v2\/pages\/18","targetHints":{"allow":["GET"]}}],"collection":[{"href":"https:\/\/www.osteopathe.desailly-sante.fr\/site\/wp-json\/wp\/v2\/pages"}],"about":[{"href":"https:\/\/www.osteopathe.desailly-sante.fr\/site\/wp-json\/wp\/v2\/types\/page"}],"author":[{"embeddable":true,"href":"https:\/\/www.osteopathe.desailly-sante.fr\/site\/wp-json\/wp\/v2\/users\/1"}],"replies":[{"embeddable":true,"href":"https:\/\/www.osteopathe.desailly-sante.fr\/site\/wp-json\/wp\/v2\/comments?post=18"}],"version-history":[{"count":7,"href":"https:\/\/www.osteopathe.desailly-sante.fr\/site\/wp-json\/wp\/v2\/pages\/18\/revisions"}],"predecessor-version":[{"id":248,"href":"https:\/\/www.osteopathe.desailly-sante.fr\/site\/wp-json\/wp\/v2\/pages\/18\/revisions\/248"}],"wp:attachment":[{"href":"https:\/\/www.osteopathe.desailly-sante.fr\/site\/wp-json\/wp\/v2\/media?parent=18"}],"curies":[{"name":"wp","href":"https:\/\/api.w.org\/{rel}","templated":true}]}}