{"id":24,"date":"2017-10-26T11:39:02","date_gmt":"2017-10-26T09:39:02","guid":{"rendered":"http:\/\/www.osteopathe.desailly-sante.fr\/site\/?page_id=24"},"modified":"2025-07-06T12:01:14","modified_gmt":"2025-07-06T10:01:14","slug":"votre-osteopathe","status":"publish","type":"page","link":"https:\/\/www.osteopathe.desailly-sante.fr\/site\/votre-osteopathe\/","title":{"rendered":"Qui suis-je ?"},"content":{"rendered":"<p data-start=\"305\" data-end=\"510\">Je m\u2019appelle <strong data-start=\"318\" data-end=\"338\">Bastien Desailly<\/strong> et je suis <strong data-start=\"350\" data-end=\"386\">ost\u00e9opathe depuis plus de 10 ans<\/strong>. Install\u00e9 dans la r\u00e9gion de l\u2019Arrageois, j\u2019ai \u00e0 c\u0153ur d\u2019accompagner chaque patient avec rigueur, bienveillance et p\u00e9dagogie.<\/p>\n<h3 data-start=\"512\" data-end=\"560\"><strong>Un parcours entre sciences et soins naturels<\/strong><\/h3>\n<p data-start=\"562\" data-end=\"953\">Passionn\u00e9 depuis l\u2019enfance par les <strong data-start=\"597\" data-end=\"620\">sciences naturelles<\/strong>, les balades en for\u00eat et le jardinage (je cultive encore mon potager !), j\u2019ai toujours \u00e9t\u00e9 fascin\u00e9 par le vivant et les \u00e9quilibres naturels. C\u2019est donc tout naturellement que je me suis orient\u00e9 vers l\u2019ost\u00e9opathie, une discipline qui relie <strong data-start=\"860\" data-end=\"917\">\u00e9coute du corps, compr\u00e9hension globale de la personne<\/strong> et <strong data-start=\"921\" data-end=\"952\">approche manuelle naturelle<\/strong>.<\/p>\n<p data-start=\"955\" data-end=\"1351\">Apr\u00e8s un <strong data-start=\"964\" data-end=\"984\">Bac scientifique<\/strong>, j\u2019ai suivi une formation de 5 ans \u00e0 l\u2019<strong data-start=\"1024\" data-end=\"1085\">Institut Nord Sup\u00e9rieur d\u2019Ost\u00e9opathie (INSO) de Lille<\/strong>, o\u00f9 j\u2019ai obtenu mon dipl\u00f4me, avec une sp\u00e9cialisation en <strong data-start=\"1142\" data-end=\"1169\">ost\u00e9opathie p\u00e9diatrique<\/strong>. Par la suite, je me suis form\u00e9 pendant 3 ans \u00e0 temps partiel en <strong data-start=\"1235\" data-end=\"1271\">m\u00e9decine traditionnelle chinoise<\/strong>, ce qui enrichit aujourd\u2019hui ma compr\u00e9hension du corps et de ses d\u00e9s\u00e9quilibres.<\/p>\n<p data-start=\"1353\" data-end=\"1566\">Chaque ann\u00e9e, je continue \u00e0 me former, notamment sur le <strong data-start=\"1409\" data-end=\"1462\">diagnostic diff\u00e9rentiel (notamment en neurologie)<\/strong> et sur les <strong data-start=\"1474\" data-end=\"1516\">troubles sp\u00e9cifiques du coureur \u00e0 pied<\/strong> \u2014 un sport que je pratique moi-m\u00eame avec passion.<\/p>\n<h3 data-start=\"1568\" data-end=\"1609\"><strong>Une approche personnalis\u00e9e et globale<\/strong><\/h3>\n<p data-start=\"1611\" data-end=\"1935\">Chaque consultation dure <strong data-start=\"1636\" data-end=\"1658\">environ 45 minutes<\/strong>, car je prends le temps de bien comprendre votre parcours, vos contraintes (professionnelles, familiales, personnelles), et vos objectifs. Mon approche repose sur le <strong data-start=\"1825\" data-end=\"1852\">mod\u00e8le bio-psychosocial<\/strong>, qui consid\u00e8re l\u2019humain dans toutes ses dimensions : physique, mentale et sociale.<\/p>\n<p data-start=\"1937\" data-end=\"2151\">J\u2019utilise un large \u00e9ventail de techniques (articulaires, visc\u00e9rales, cr\u00e2niennes, \u00e9nerg\u00e9tiques&#8230;) mais je choisis toujours <strong data-start=\"2060\" data-end=\"2100\">celle qui est la plus adapt\u00e9e \u00e0 vous<\/strong>, en accord avec vos attentes et votre sensibilit\u00e9.<\/p>\n<p data-start=\"2153\" data-end=\"2302\">Mon objectif est simple : vous aider \u00e0 aller mieux <strong data-start=\"2204\" data-end=\"2219\">durablement<\/strong>, sans d\u00e9pendance, en vous donnant les cl\u00e9s pour reprendre la main sur votre sant\u00e9.<\/p>\n<h3 data-start=\"2304\" data-end=\"2345\"><strong>Une pratique ouverte et collaborative<\/strong><\/h3>\n<p data-start=\"2347\" data-end=\"2663\">Je suis particuli\u00e8rement attentif au <strong data-start=\"2384\" data-end=\"2411\">diagnostic diff\u00e9rentiel<\/strong>. Si la probl\u00e9matique d\u00e9passe le champ de l\u2019ost\u00e9opathie, je travaille en lien avec les professionnels de sant\u00e9 comp\u00e9tents (m\u00e9decins, kin\u00e9sith\u00e9rapeutes, podologues, etc.), pour que vous receviez <strong data-start=\"2605\" data-end=\"2662\">la prise en charge la plus juste et compl\u00e8te possible<\/strong>.<\/p>\n<h3 data-start=\"2665\" data-end=\"2679\"><strong>Pour qui ?<\/strong><\/h3>\n<p data-start=\"2681\" data-end=\"3040\">J\u2019accompagne tout type de public, du nourrisson \u00e0 la personne \u00e2g\u00e9e. La majorit\u00e9 de mes patients sont des <strong data-start=\"2786\" data-end=\"2823\">adultes actifs entre 25 et 55 ans<\/strong>, souvent avec des douleurs li\u00e9es \u00e0 la posture, au stress ou \u00e0 la charge mentale. Je re\u00e7ois aussi beaucoup de <strong data-start=\"2933\" data-end=\"2945\">sportifs<\/strong>, en particulier des coureurs, avec qui un dialogue corporel plus fin s\u2019installe naturellement.<\/p>\n<h3 data-start=\"3042\" data-end=\"3080\"><strong>Ce que mes patients disent souvent<\/strong><\/h3>\n<p data-start=\"3082\" data-end=\"3395\">Mes patients soulignent mon <strong data-start=\"3110\" data-end=\"3130\">\u00e9coute attentive<\/strong>, la <strong data-start=\"3135\" data-end=\"3176\">qualit\u00e9 du temps que je leur consacre<\/strong>, et ma <strong data-start=\"3184\" data-end=\"3197\">p\u00e9dagogie<\/strong>. Je crois profond\u00e9ment que la sant\u00e9 ne se donne pas, elle <strong data-start=\"3256\" data-end=\"3270\">se cultive<\/strong>, et j\u2019aime transmettre des <strong data-start=\"3298\" data-end=\"3335\">conseils simples et personnalis\u00e9s\u00a0<\/strong>pour permettre \u00e0 chacun de devenir acteur de son bien-\u00eatre.<\/p>\n<p><strong><span style=\"font-size: 18px;\">Mes formations<\/span><\/strong><\/p>\n<ul>\n<li>2015 :\n<ul>\n<li>Occlusodontologie et posture, Dr Dupas<\/li>\n<li>Ost\u00e9opathie et fertilit\u00e9, B. Ferru (Ost\u00e9opathe D.O)<\/li>\n<li>Attitude dynamique individuelle, P. Delaunois (Ost\u00e9opathe D.0)<\/li>\n<li>Dysfonctions fluidiques en ost\u00e9opathie, M. Damoiseaux (Ost\u00e9opathe D.0)<\/li>\n<li>Ost\u00e9opathie structurelle revisit\u00e9, L. Leprince (Ost\u00e9opathe D.O<\/li>\n<\/ul>\n<\/li>\n<\/ul>\n<ul>\n<li>2016 :\n<ul>\n<li>Ost\u00e9opathie et reboutement, L. Lesire (Ost\u00e9opathe D.O)<\/li>\n<li>Chaine dysfonctionnelle montante, O. Pireaux (Ost\u00e9opathe D.O)<\/li>\n<li>Chaine dysfonctionnelle descendante, O. Pireaux (Ost\u00e9opathe D.O)<\/li>\n<\/ul>\n<\/li>\n<\/ul>\n<ul>\n<li>2017 :\n<ul>\n<li>Techniques d&rsquo;urgences fonctionnelles, R. Rousse (Ost\u00e9opathe D.O)<\/li>\n<\/ul>\n<\/li>\n<\/ul>\n<ul>\n<li>2021 :\n<ul>\n<li>Le d\u00e9codage fascial, S. Paoletti (Ost\u00e9opathe D.O)<\/li>\n<li>Th\u00e9orie fondamentale en M\u00e9decine Traditionnelle Chinoise, F.L.E.T.C<\/li>\n<\/ul>\n<\/li>\n<\/ul>\n<ul>\n<li>2022 :\n<ul>\n<li>Acupuncture, F.L.E.T.C<\/li>\n<\/ul>\n<\/li>\n<\/ul>\n<ul>\n<li>2024 :\n<ul>\n<li>Approche tissulaire de l&rsquo;ost\u00e9opathie &#8211; Niveau 1, P. Tricot (Ost\u00e9opathe D.O)<\/li>\n<li>Diagnostic des Pathologies du Membre Inf\u00e9rieure &#8211; La Clinique du Coureur<\/li>\n<\/ul>\n<\/li>\n<\/ul>\n<ul>\n<li>2025 :\n<ul>\n<li>M\u00e9canique de la Douleur &#8211; E-Learning, L. Fabre (Ost\u00e9opathe D.O)<\/li>\n<li>Prise en charge des douleurs neuropathiques du membre inf\u00e9rieur, L. Fabre (Ost\u00e9opathe D.O)<\/li>\n<li>Tout savoir sur la chaussure de course : Biom\u00e9canique, Blessures et Performance &#8211; La Clinique du Coureur<\/li>\n<\/ul>\n<\/li>\n<\/ul>\n","protected":false},"excerpt":{"rendered":"<p>Je m\u2019appelle Bastien Desailly et je suis ost\u00e9opathe depuis plus de 10 ans. Install\u00e9 dans la r\u00e9gion de l\u2019Arrageois, j\u2019ai \u00e0 c\u0153ur d\u2019accompagner chaque patient avec rigueur, bienveillance et p\u00e9dagogie. Un parcours entre sciences et soins naturels Passionn\u00e9 depuis l\u2019enfance par les sciences naturelles, les balades en for\u00eat et le jardinage (je cultive encore mon &hellip; <\/p>\n<p class=\"link-more\"><a href=\"https:\/\/www.osteopathe.desailly-sante.fr\/site\/votre-osteopathe\/\" class=\"more-link\">Continuer la lecture<span class=\"screen-reader-text\"> de &laquo;&nbsp;Qui suis-je ?&nbsp;&raquo;<\/span><\/a><\/p>\n","protected":false},"author":1,"featured_media":0,"parent":0,"menu_order":0,"comment_status":"closed","ping_status":"closed","template":"","meta":{"_exactmetrics_skip_tracking":false,"_exactmetrics_sitenote_active":false,"_exactmetrics_sitenote_note":"","_exactmetrics_sitenote_category":0,"footnotes":""},"class_list":["post-24","page","type-page","status-publish","hentry"],"yoast_head":"<!-- This site is optimized with the Yoast SEO plugin v25.8 - https:\/\/yoast.com\/wordpress\/plugins\/seo\/ -->\n<title>Qui suis-je ? - Bastien Desailly Ost\u00e9opathe D.O<\/title>\n<meta name=\"robots\" content=\"index, follow, max-snippet:-1, max-image-preview:large, max-video-preview:-1\" \/>\n<link rel=\"canonical\" href=\"http:\/\/www.osteopathe.desailly-sante.fr\/site\/votre-osteopathe\/\" \/>\n<meta property=\"og:locale\" content=\"fr_FR\" \/>\n<meta property=\"og:type\" content=\"article\" \/>\n<meta property=\"og:title\" content=\"Qui suis-je ? - Bastien Desailly Ost\u00e9opathe D.O\" \/>\n<meta property=\"og:description\" content=\"Je m\u2019appelle Bastien Desailly et je suis ost\u00e9opathe depuis plus de 10 ans. Install\u00e9 dans la r\u00e9gion de l\u2019Arrageois, j\u2019ai \u00e0 c\u0153ur d\u2019accompagner chaque patient avec rigueur, bienveillance et p\u00e9dagogie. Un parcours entre sciences et soins naturels Passionn\u00e9 depuis l\u2019enfance par les sciences naturelles, les balades en for\u00eat et le jardinage (je cultive encore mon &hellip; Continuer la lecture de &laquo;&nbsp;Qui suis-je ?&nbsp;&raquo;\" \/>\n<meta property=\"og:url\" content=\"http:\/\/www.osteopathe.desailly-sante.fr\/site\/votre-osteopathe\/\" \/>\n<meta property=\"og:site_name\" content=\"Bastien Desailly Ost\u00e9opathe D.O\" \/>\n<meta property=\"article:publisher\" content=\"https:\/\/www.facebook.com\/profile.php?id=100049359626183\" \/>\n<meta property=\"article:modified_time\" content=\"2025-07-06T10:01:14+00:00\" \/>\n<meta name=\"twitter:card\" content=\"summary_large_image\" \/>\n<meta name=\"twitter:label1\" content=\"Dur\u00e9e de lecture estim\u00e9e\" \/>\n\t<meta name=\"twitter:data1\" content=\"3 minutes\" \/>\n<script type=\"application\/ld+json\" class=\"yoast-schema-graph\">{\"@context\":\"https:\/\/schema.org\",\"@graph\":[{\"@type\":\"WebPage\",\"@id\":\"http:\/\/www.osteopathe.desailly-sante.fr\/site\/votre-osteopathe\/\",\"url\":\"http:\/\/www.osteopathe.desailly-sante.fr\/site\/votre-osteopathe\/\",\"name\":\"Qui suis-je ? - Bastien Desailly Ost\u00e9opathe D.O\",\"isPartOf\":{\"@id\":\"https:\/\/www.osteopathe.desailly-sante.fr\/site\/#website\"},\"datePublished\":\"2017-10-26T09:39:02+00:00\",\"dateModified\":\"2025-07-06T10:01:14+00:00\",\"breadcrumb\":{\"@id\":\"http:\/\/www.osteopathe.desailly-sante.fr\/site\/votre-osteopathe\/#breadcrumb\"},\"inLanguage\":\"fr-FR\",\"potentialAction\":[{\"@type\":\"ReadAction\",\"target\":[\"http:\/\/www.osteopathe.desailly-sante.fr\/site\/votre-osteopathe\/\"]}]},{\"@type\":\"BreadcrumbList\",\"@id\":\"http:\/\/www.osteopathe.desailly-sante.fr\/site\/votre-osteopathe\/#breadcrumb\",\"itemListElement\":[{\"@type\":\"ListItem\",\"position\":1,\"name\":\"Accueil\",\"item\":\"https:\/\/www.osteopathe.desailly-sante.fr\/site\/\"},{\"@type\":\"ListItem\",\"position\":2,\"name\":\"Qui suis-je ?\"}]},{\"@type\":\"WebSite\",\"@id\":\"https:\/\/www.osteopathe.desailly-sante.fr\/site\/#website\",\"url\":\"https:\/\/www.osteopathe.desailly-sante.fr\/site\/\",\"name\":\"Bastien Desailly Ost\u00e9opathe D.O\",\"description\":\"Certification en Ost\u00e9opathie P\u00e9diatrique\",\"publisher\":{\"@id\":\"https:\/\/www.osteopathe.desailly-sante.fr\/site\/#organization\"},\"potentialAction\":[{\"@type\":\"SearchAction\",\"target\":{\"@type\":\"EntryPoint\",\"urlTemplate\":\"https:\/\/www.osteopathe.desailly-sante.fr\/site\/?s={search_term_string}\"},\"query-input\":{\"@type\":\"PropertyValueSpecification\",\"valueRequired\":true,\"valueName\":\"search_term_string\"}}],\"inLanguage\":\"fr-FR\"},{\"@type\":\"Organization\",\"@id\":\"https:\/\/www.osteopathe.desailly-sante.fr\/site\/#organization\",\"name\":\"Bastien Desailly Ost\u00e9opathe D.O\",\"url\":\"https:\/\/www.osteopathe.desailly-sante.fr\/site\/\",\"logo\":{\"@type\":\"ImageObject\",\"inLanguage\":\"fr-FR\",\"@id\":\"https:\/\/www.osteopathe.desailly-sante.fr\/site\/#\/schema\/logo\/image\/\",\"url\":\"http:\/\/www.osteopathe.desailly-sante.fr\/site\/wp-content\/uploads\/2025\/06\/preview.png\",\"contentUrl\":\"http:\/\/www.osteopathe.desailly-sante.fr\/site\/wp-content\/uploads\/2025\/06\/preview.png\",\"width\":1076,\"height\":1769,\"caption\":\"Bastien Desailly Ost\u00e9opathe D.O\"},\"image\":{\"@id\":\"https:\/\/www.osteopathe.desailly-sante.fr\/site\/#\/schema\/logo\/image\/\"},\"sameAs\":[\"https:\/\/www.facebook.com\/profile.php?id=100049359626183\"]}]}<\/script>\n<!-- \/ Yoast SEO plugin. -->","yoast_head_json":{"title":"Qui suis-je ? - Bastien Desailly Ost\u00e9opathe D.O","robots":{"index":"index","follow":"follow","max-snippet":"max-snippet:-1","max-image-preview":"max-image-preview:large","max-video-preview":"max-video-preview:-1"},"canonical":"http:\/\/www.osteopathe.desailly-sante.fr\/site\/votre-osteopathe\/","og_locale":"fr_FR","og_type":"article","og_title":"Qui suis-je ? - Bastien Desailly Ost\u00e9opathe D.O","og_description":"Je m\u2019appelle Bastien Desailly et je suis ost\u00e9opathe depuis plus de 10 ans. Install\u00e9 dans la r\u00e9gion de l\u2019Arrageois, j\u2019ai \u00e0 c\u0153ur d\u2019accompagner chaque patient avec rigueur, bienveillance et p\u00e9dagogie. Un parcours entre sciences et soins naturels Passionn\u00e9 depuis l\u2019enfance par les sciences naturelles, les balades en for\u00eat et le jardinage (je cultive encore mon &hellip; Continuer la lecture de &laquo;&nbsp;Qui suis-je ?&nbsp;&raquo;","og_url":"http:\/\/www.osteopathe.desailly-sante.fr\/site\/votre-osteopathe\/","og_site_name":"Bastien Desailly Ost\u00e9opathe D.O","article_publisher":"https:\/\/www.facebook.com\/profile.php?id=100049359626183","article_modified_time":"2025-07-06T10:01:14+00:00","twitter_card":"summary_large_image","twitter_misc":{"Dur\u00e9e de lecture estim\u00e9e":"3 minutes"},"schema":{"@context":"https:\/\/schema.org","@graph":[{"@type":"WebPage","@id":"http:\/\/www.osteopathe.desailly-sante.fr\/site\/votre-osteopathe\/","url":"http:\/\/www.osteopathe.desailly-sante.fr\/site\/votre-osteopathe\/","name":"Qui suis-je ? - Bastien Desailly Ost\u00e9opathe D.O","isPartOf":{"@id":"https:\/\/www.osteopathe.desailly-sante.fr\/site\/#website"},"datePublished":"2017-10-26T09:39:02+00:00","dateModified":"2025-07-06T10:01:14+00:00","breadcrumb":{"@id":"http:\/\/www.osteopathe.desailly-sante.fr\/site\/votre-osteopathe\/#breadcrumb"},"inLanguage":"fr-FR","potentialAction":[{"@type":"ReadAction","target":["http:\/\/www.osteopathe.desailly-sante.fr\/site\/votre-osteopathe\/"]}]},{"@type":"BreadcrumbList","@id":"http:\/\/www.osteopathe.desailly-sante.fr\/site\/votre-osteopathe\/#breadcrumb","itemListElement":[{"@type":"ListItem","position":1,"name":"Accueil","item":"https:\/\/www.osteopathe.desailly-sante.fr\/site\/"},{"@type":"ListItem","position":2,"name":"Qui suis-je ?"}]},{"@type":"WebSite","@id":"https:\/\/www.osteopathe.desailly-sante.fr\/site\/#website","url":"https:\/\/www.osteopathe.desailly-sante.fr\/site\/","name":"Bastien Desailly Ost\u00e9opathe D.O","description":"Certification en Ost\u00e9opathie P\u00e9diatrique","publisher":{"@id":"https:\/\/www.osteopathe.desailly-sante.fr\/site\/#organization"},"potentialAction":[{"@type":"SearchAction","target":{"@type":"EntryPoint","urlTemplate":"https:\/\/www.osteopathe.desailly-sante.fr\/site\/?s={search_term_string}"},"query-input":{"@type":"PropertyValueSpecification","valueRequired":true,"valueName":"search_term_string"}}],"inLanguage":"fr-FR"},{"@type":"Organization","@id":"https:\/\/www.osteopathe.desailly-sante.fr\/site\/#organization","name":"Bastien Desailly Ost\u00e9opathe D.O","url":"https:\/\/www.osteopathe.desailly-sante.fr\/site\/","logo":{"@type":"ImageObject","inLanguage":"fr-FR","@id":"https:\/\/www.osteopathe.desailly-sante.fr\/site\/#\/schema\/logo\/image\/","url":"http:\/\/www.osteopathe.desailly-sante.fr\/site\/wp-content\/uploads\/2025\/06\/preview.png","contentUrl":"http:\/\/www.osteopathe.desailly-sante.fr\/site\/wp-content\/uploads\/2025\/06\/preview.png","width":1076,"height":1769,"caption":"Bastien Desailly Ost\u00e9opathe D.O"},"image":{"@id":"https:\/\/www.osteopathe.desailly-sante.fr\/site\/#\/schema\/logo\/image\/"},"sameAs":["https:\/\/www.facebook.com\/profile.php?id=100049359626183"]}]}},"_links":{"self":[{"href":"https:\/\/www.osteopathe.desailly-sante.fr\/site\/wp-json\/wp\/v2\/pages\/24","targetHints":{"allow":["GET"]}}],"collection":[{"href":"https:\/\/www.osteopathe.desailly-sante.fr\/site\/wp-json\/wp\/v2\/pages"}],"about":[{"href":"https:\/\/www.osteopathe.desailly-sante.fr\/site\/wp-json\/wp\/v2\/types\/page"}],"author":[{"embeddable":true,"href":"https:\/\/www.osteopathe.desailly-sante.fr\/site\/wp-json\/wp\/v2\/users\/1"}],"replies":[{"embeddable":true,"href":"https:\/\/www.osteopathe.desailly-sante.fr\/site\/wp-json\/wp\/v2\/comments?post=24"}],"version-history":[{"count":10,"href":"https:\/\/www.osteopathe.desailly-sante.fr\/site\/wp-json\/wp\/v2\/pages\/24\/revisions"}],"predecessor-version":[{"id":246,"href":"https:\/\/www.osteopathe.desailly-sante.fr\/site\/wp-json\/wp\/v2\/pages\/24\/revisions\/246"}],"wp:attachment":[{"href":"https:\/\/www.osteopathe.desailly-sante.fr\/site\/wp-json\/wp\/v2\/media?parent=24"}],"curies":[{"name":"wp","href":"https:\/\/api.w.org\/{rel}","templated":true}]}}