{"id":49,"date":"2017-10-26T11:46:43","date_gmt":"2017-10-26T09:46:43","guid":{"rendered":"http:\/\/www.osteopathe.desailly-sante.fr\/site\/?page_id=49"},"modified":"2018-06-13T20:56:59","modified_gmt":"2018-06-13T18:56:59","slug":"nourrissons","status":"publish","type":"page","link":"https:\/\/www.osteopathe.desailly-sante.fr\/site\/nourrissons\/","title":{"rendered":"Nourrissons"},"content":{"rendered":"<p style=\"text-align: left;\">\u00a0 \u00a0 \u00a0 \u00a0Certains \u00e9v\u00e9nements ou traumatismes durant la grossesse ou l\u2019accouchement ont un impact cons\u00e9quent sur votre enfant, pouvant entrainer des r\u00e9percussions sur sa sant\u00e9 et son bien-\u00eatre.<\/p>\n<p>\u00a0 \u00a0 \u00a0 \u00a0N\u2019h\u00e9sitez pas \u00e0 consulter votre ost\u00e9opathe qui effectuera une r\u00e9harmonisation des tensions de votre enfant par des techniques douces afin de le d\u00e9barrasser de ses diff\u00e9rents troubles.<\/p>\n<hr \/>\n<ul>\n<li>Grossesse ou accouchement difficile : temps de travail extr\u00eame (rapide ou long), mauvais positionnement (si\u00e8ge, face,\u2026), utilisation d\u2019instruments ou encore souffrance foetale ou maternelle,<\/li>\n<\/ul>\n<p>&nbsp;<\/p>\n<ul>\n<li>Troubles m\u00e9caniques : t\u00eate plate (plagioc\u00e9phalie), b\u00e9b\u00e9 tourne majoritairement la t\u00eate que d\u2019un seul cot\u00e9 (torticolis), asym\u00e9trie au niveau d\u2019un membre\u2026<\/li>\n<\/ul>\n<p>&nbsp;<\/p>\n<ul>\n<li>Troubles digestifs : r\u00e9gurgitations, coliques, digestion difficile, constipation, hoquet ou gaz excessifs\u2026<\/li>\n<\/ul>\n<p>&nbsp;<\/p>\n<ul>\n<li>Troubles ORL : infections chroniques (otites, sinusites, bronchites), probl\u00e8me de succion (t\u00e9t\u00e9 longue ou difficile), strabisme\u2026<\/li>\n<\/ul>\n<p>&nbsp;<\/p>\n<ul>\n<li>Troubles neuro-v\u00e9g\u00e9tatifs : sommeil difficile, b\u00e9b\u00e9 crisp\u00e9 et stress\u00e9, pleurs excessifs..<\/li>\n<\/ul>\n<hr \/>\n<p>&nbsp;<\/p>\n<p>Si votre b\u00e9b\u00e9 se porte \u00e0 merveille et que l\u2019accouchement s\u2019est d\u00e9roul\u00e9 du mieux possible, je vous conseille d\u2019effectuer un bilan chez votre ost\u00e9opathe aux grandes \u00e9tapes du d\u00e9veloppement de votre enfant : apr\u00e8s l\u2019accouchement, au maintien de la position assise ou le d\u00e9but du quatre pattes et d\u00e8s l\u2019acquisition des premiers pas.<\/p>\n","protected":false},"excerpt":{"rendered":"<p>\u00a0 \u00a0 \u00a0 \u00a0Certains \u00e9v\u00e9nements ou traumatismes durant la grossesse ou l\u2019accouchement ont un impact cons\u00e9quent sur votre enfant, pouvant entrainer des r\u00e9percussions sur sa sant\u00e9 et son bien-\u00eatre. \u00a0 \u00a0 \u00a0 \u00a0N\u2019h\u00e9sitez pas \u00e0 consulter votre ost\u00e9opathe qui effectuera une r\u00e9harmonisation des tensions de votre enfant par des techniques douces afin de le d\u00e9barrasser &hellip; <\/p>\n<p class=\"link-more\"><a href=\"https:\/\/www.osteopathe.desailly-sante.fr\/site\/nourrissons\/\" class=\"more-link\">Continuer la lecture<span class=\"screen-reader-text\"> de &laquo;&nbsp;Nourrissons&nbsp;&raquo;<\/span><\/a><\/p>\n","protected":false},"author":1,"featured_media":122,"parent":0,"menu_order":0,"comment_status":"closed","ping_status":"closed","template":"","meta":{"_exactmetrics_skip_tracking":false,"_exactmetrics_sitenote_active":false,"_exactmetrics_sitenote_note":"","_exactmetrics_sitenote_category":0,"footnotes":""},"class_list":["post-49","page","type-page","status-publish","has-post-thumbnail","hentry"],"yoast_head":"<!-- This site is optimized with the Yoast SEO plugin v25.8 - https:\/\/yoast.com\/wordpress\/plugins\/seo\/ -->\n<title>Nourrissons - Bastien Desailly Ost\u00e9opathe D.O<\/title>\n<meta name=\"robots\" content=\"index, follow, max-snippet:-1, max-image-preview:large, max-video-preview:-1\" \/>\n<link rel=\"canonical\" href=\"https:\/\/www.osteopathe.desailly-sante.fr\/site\/nourrissons\/\" \/>\n<meta property=\"og:locale\" content=\"fr_FR\" \/>\n<meta property=\"og:type\" content=\"article\" \/>\n<meta property=\"og:title\" content=\"Nourrissons - Bastien Desailly Ost\u00e9opathe D.O\" \/>\n<meta property=\"og:description\" content=\"\u00a0 \u00a0 \u00a0 \u00a0Certains \u00e9v\u00e9nements ou traumatismes durant la grossesse ou l\u2019accouchement ont un impact cons\u00e9quent sur votre enfant, pouvant entrainer des r\u00e9percussions sur sa sant\u00e9 et son bien-\u00eatre. \u00a0 \u00a0 \u00a0 \u00a0N\u2019h\u00e9sitez pas \u00e0 consulter votre ost\u00e9opathe qui effectuera une r\u00e9harmonisation des tensions de votre enfant par des techniques douces afin de le d\u00e9barrasser &hellip; Continuer la lecture de &laquo;&nbsp;Nourrissons&nbsp;&raquo;\" \/>\n<meta property=\"og:url\" content=\"https:\/\/www.osteopathe.desailly-sante.fr\/site\/nourrissons\/\" \/>\n<meta property=\"og:site_name\" content=\"Bastien Desailly Ost\u00e9opathe D.O\" \/>\n<meta property=\"article:publisher\" content=\"https:\/\/www.facebook.com\/profile.php?id=100049359626183\" \/>\n<meta property=\"article:modified_time\" content=\"2018-06-13T18:56:59+00:00\" \/>\n<meta property=\"og:image\" content=\"https:\/\/www.osteopathe.desailly-sante.fr\/site\/wp-content\/uploads\/2017\/11\/janko-ferlic-142346.jpg\" \/>\n\t<meta property=\"og:image:width\" content=\"4912\" \/>\n\t<meta property=\"og:image:height\" content=\"3791\" \/>\n\t<meta property=\"og:image:type\" content=\"image\/jpeg\" \/>\n<meta name=\"twitter:card\" content=\"summary_large_image\" \/>\n<meta name=\"twitter:label1\" content=\"Dur\u00e9e de lecture estim\u00e9e\" \/>\n\t<meta name=\"twitter:data1\" content=\"1 minute\" \/>\n<script type=\"application\/ld+json\" class=\"yoast-schema-graph\">{\"@context\":\"https:\/\/schema.org\",\"@graph\":[{\"@type\":\"WebPage\",\"@id\":\"https:\/\/www.osteopathe.desailly-sante.fr\/site\/nourrissons\/\",\"url\":\"https:\/\/www.osteopathe.desailly-sante.fr\/site\/nourrissons\/\",\"name\":\"Nourrissons - Bastien Desailly Ost\u00e9opathe D.O\",\"isPartOf\":{\"@id\":\"https:\/\/www.osteopathe.desailly-sante.fr\/site\/#website\"},\"primaryImageOfPage\":{\"@id\":\"https:\/\/www.osteopathe.desailly-sante.fr\/site\/nourrissons\/#primaryimage\"},\"image\":{\"@id\":\"https:\/\/www.osteopathe.desailly-sante.fr\/site\/nourrissons\/#primaryimage\"},\"thumbnailUrl\":\"https:\/\/www.osteopathe.desailly-sante.fr\/site\/wp-content\/uploads\/2017\/11\/janko-ferlic-142346.jpg\",\"datePublished\":\"2017-10-26T09:46:43+00:00\",\"dateModified\":\"2018-06-13T18:56:59+00:00\",\"breadcrumb\":{\"@id\":\"https:\/\/www.osteopathe.desailly-sante.fr\/site\/nourrissons\/#breadcrumb\"},\"inLanguage\":\"fr-FR\",\"potentialAction\":[{\"@type\":\"ReadAction\",\"target\":[\"https:\/\/www.osteopathe.desailly-sante.fr\/site\/nourrissons\/\"]}]},{\"@type\":\"ImageObject\",\"inLanguage\":\"fr-FR\",\"@id\":\"https:\/\/www.osteopathe.desailly-sante.fr\/site\/nourrissons\/#primaryimage\",\"url\":\"https:\/\/www.osteopathe.desailly-sante.fr\/site\/wp-content\/uploads\/2017\/11\/janko-ferlic-142346.jpg\",\"contentUrl\":\"https:\/\/www.osteopathe.desailly-sante.fr\/site\/wp-content\/uploads\/2017\/11\/janko-ferlic-142346.jpg\",\"width\":4912,\"height\":3791},{\"@type\":\"BreadcrumbList\",\"@id\":\"https:\/\/www.osteopathe.desailly-sante.fr\/site\/nourrissons\/#breadcrumb\",\"itemListElement\":[{\"@type\":\"ListItem\",\"position\":1,\"name\":\"Accueil\",\"item\":\"https:\/\/www.osteopathe.desailly-sante.fr\/site\/\"},{\"@type\":\"ListItem\",\"position\":2,\"name\":\"Nourrissons\"}]},{\"@type\":\"WebSite\",\"@id\":\"https:\/\/www.osteopathe.desailly-sante.fr\/site\/#website\",\"url\":\"https:\/\/www.osteopathe.desailly-sante.fr\/site\/\",\"name\":\"Bastien Desailly Ost\u00e9opathe D.O\",\"description\":\"Certification en Ost\u00e9opathie P\u00e9diatrique\",\"publisher\":{\"@id\":\"https:\/\/www.osteopathe.desailly-sante.fr\/site\/#organization\"},\"potentialAction\":[{\"@type\":\"SearchAction\",\"target\":{\"@type\":\"EntryPoint\",\"urlTemplate\":\"https:\/\/www.osteopathe.desailly-sante.fr\/site\/?s={search_term_string}\"},\"query-input\":{\"@type\":\"PropertyValueSpecification\",\"valueRequired\":true,\"valueName\":\"search_term_string\"}}],\"inLanguage\":\"fr-FR\"},{\"@type\":\"Organization\",\"@id\":\"https:\/\/www.osteopathe.desailly-sante.fr\/site\/#organization\",\"name\":\"Bastien Desailly Ost\u00e9opathe D.O\",\"url\":\"https:\/\/www.osteopathe.desailly-sante.fr\/site\/\",\"logo\":{\"@type\":\"ImageObject\",\"inLanguage\":\"fr-FR\",\"@id\":\"https:\/\/www.osteopathe.desailly-sante.fr\/site\/#\/schema\/logo\/image\/\",\"url\":\"http:\/\/www.osteopathe.desailly-sante.fr\/site\/wp-content\/uploads\/2025\/06\/preview.png\",\"contentUrl\":\"http:\/\/www.osteopathe.desailly-sante.fr\/site\/wp-content\/uploads\/2025\/06\/preview.png\",\"width\":1076,\"height\":1769,\"caption\":\"Bastien Desailly Ost\u00e9opathe D.O\"},\"image\":{\"@id\":\"https:\/\/www.osteopathe.desailly-sante.fr\/site\/#\/schema\/logo\/image\/\"},\"sameAs\":[\"https:\/\/www.facebook.com\/profile.php?id=100049359626183\"]}]}<\/script>\n<!-- \/ Yoast SEO plugin. -->","yoast_head_json":{"title":"Nourrissons - Bastien Desailly Ost\u00e9opathe D.O","robots":{"index":"index","follow":"follow","max-snippet":"max-snippet:-1","max-image-preview":"max-image-preview:large","max-video-preview":"max-video-preview:-1"},"canonical":"https:\/\/www.osteopathe.desailly-sante.fr\/site\/nourrissons\/","og_locale":"fr_FR","og_type":"article","og_title":"Nourrissons - Bastien Desailly Ost\u00e9opathe D.O","og_description":"\u00a0 \u00a0 \u00a0 \u00a0Certains \u00e9v\u00e9nements ou traumatismes durant la grossesse ou l\u2019accouchement ont un impact cons\u00e9quent sur votre enfant, pouvant entrainer des r\u00e9percussions sur sa sant\u00e9 et son bien-\u00eatre. \u00a0 \u00a0 \u00a0 \u00a0N\u2019h\u00e9sitez pas \u00e0 consulter votre ost\u00e9opathe qui effectuera une r\u00e9harmonisation des tensions de votre enfant par des techniques douces afin de le d\u00e9barrasser &hellip; Continuer la lecture de &laquo;&nbsp;Nourrissons&nbsp;&raquo;","og_url":"https:\/\/www.osteopathe.desailly-sante.fr\/site\/nourrissons\/","og_site_name":"Bastien Desailly Ost\u00e9opathe D.O","article_publisher":"https:\/\/www.facebook.com\/profile.php?id=100049359626183","article_modified_time":"2018-06-13T18:56:59+00:00","og_image":[{"width":4912,"height":3791,"url":"https:\/\/www.osteopathe.desailly-sante.fr\/site\/wp-content\/uploads\/2017\/11\/janko-ferlic-142346.jpg","type":"image\/jpeg"}],"twitter_card":"summary_large_image","twitter_misc":{"Dur\u00e9e de lecture estim\u00e9e":"1 minute"},"schema":{"@context":"https:\/\/schema.org","@graph":[{"@type":"WebPage","@id":"https:\/\/www.osteopathe.desailly-sante.fr\/site\/nourrissons\/","url":"https:\/\/www.osteopathe.desailly-sante.fr\/site\/nourrissons\/","name":"Nourrissons - Bastien Desailly Ost\u00e9opathe D.O","isPartOf":{"@id":"https:\/\/www.osteopathe.desailly-sante.fr\/site\/#website"},"primaryImageOfPage":{"@id":"https:\/\/www.osteopathe.desailly-sante.fr\/site\/nourrissons\/#primaryimage"},"image":{"@id":"https:\/\/www.osteopathe.desailly-sante.fr\/site\/nourrissons\/#primaryimage"},"thumbnailUrl":"https:\/\/www.osteopathe.desailly-sante.fr\/site\/wp-content\/uploads\/2017\/11\/janko-ferlic-142346.jpg","datePublished":"2017-10-26T09:46:43+00:00","dateModified":"2018-06-13T18:56:59+00:00","breadcrumb":{"@id":"https:\/\/www.osteopathe.desailly-sante.fr\/site\/nourrissons\/#breadcrumb"},"inLanguage":"fr-FR","potentialAction":[{"@type":"ReadAction","target":["https:\/\/www.osteopathe.desailly-sante.fr\/site\/nourrissons\/"]}]},{"@type":"ImageObject","inLanguage":"fr-FR","@id":"https:\/\/www.osteopathe.desailly-sante.fr\/site\/nourrissons\/#primaryimage","url":"https:\/\/www.osteopathe.desailly-sante.fr\/site\/wp-content\/uploads\/2017\/11\/janko-ferlic-142346.jpg","contentUrl":"https:\/\/www.osteopathe.desailly-sante.fr\/site\/wp-content\/uploads\/2017\/11\/janko-ferlic-142346.jpg","width":4912,"height":3791},{"@type":"BreadcrumbList","@id":"https:\/\/www.osteopathe.desailly-sante.fr\/site\/nourrissons\/#breadcrumb","itemListElement":[{"@type":"ListItem","position":1,"name":"Accueil","item":"https:\/\/www.osteopathe.desailly-sante.fr\/site\/"},{"@type":"ListItem","position":2,"name":"Nourrissons"}]},{"@type":"WebSite","@id":"https:\/\/www.osteopathe.desailly-sante.fr\/site\/#website","url":"https:\/\/www.osteopathe.desailly-sante.fr\/site\/","name":"Bastien Desailly Ost\u00e9opathe D.O","description":"Certification en Ost\u00e9opathie P\u00e9diatrique","publisher":{"@id":"https:\/\/www.osteopathe.desailly-sante.fr\/site\/#organization"},"potentialAction":[{"@type":"SearchAction","target":{"@type":"EntryPoint","urlTemplate":"https:\/\/www.osteopathe.desailly-sante.fr\/site\/?s={search_term_string}"},"query-input":{"@type":"PropertyValueSpecification","valueRequired":true,"valueName":"search_term_string"}}],"inLanguage":"fr-FR"},{"@type":"Organization","@id":"https:\/\/www.osteopathe.desailly-sante.fr\/site\/#organization","name":"Bastien Desailly Ost\u00e9opathe D.O","url":"https:\/\/www.osteopathe.desailly-sante.fr\/site\/","logo":{"@type":"ImageObject","inLanguage":"fr-FR","@id":"https:\/\/www.osteopathe.desailly-sante.fr\/site\/#\/schema\/logo\/image\/","url":"http:\/\/www.osteopathe.desailly-sante.fr\/site\/wp-content\/uploads\/2025\/06\/preview.png","contentUrl":"http:\/\/www.osteopathe.desailly-sante.fr\/site\/wp-content\/uploads\/2025\/06\/preview.png","width":1076,"height":1769,"caption":"Bastien Desailly Ost\u00e9opathe D.O"},"image":{"@id":"https:\/\/www.osteopathe.desailly-sante.fr\/site\/#\/schema\/logo\/image\/"},"sameAs":["https:\/\/www.facebook.com\/profile.php?id=100049359626183"]}]}},"_links":{"self":[{"href":"https:\/\/www.osteopathe.desailly-sante.fr\/site\/wp-json\/wp\/v2\/pages\/49","targetHints":{"allow":["GET"]}}],"collection":[{"href":"https:\/\/www.osteopathe.desailly-sante.fr\/site\/wp-json\/wp\/v2\/pages"}],"about":[{"href":"https:\/\/www.osteopathe.desailly-sante.fr\/site\/wp-json\/wp\/v2\/types\/page"}],"author":[{"embeddable":true,"href":"https:\/\/www.osteopathe.desailly-sante.fr\/site\/wp-json\/wp\/v2\/users\/1"}],"replies":[{"embeddable":true,"href":"https:\/\/www.osteopathe.desailly-sante.fr\/site\/wp-json\/wp\/v2\/comments?post=49"}],"version-history":[{"count":6,"href":"https:\/\/www.osteopathe.desailly-sante.fr\/site\/wp-json\/wp\/v2\/pages\/49\/revisions"}],"predecessor-version":[{"id":198,"href":"https:\/\/www.osteopathe.desailly-sante.fr\/site\/wp-json\/wp\/v2\/pages\/49\/revisions\/198"}],"wp:featuredmedia":[{"embeddable":true,"href":"https:\/\/www.osteopathe.desailly-sante.fr\/site\/wp-json\/wp\/v2\/media\/122"}],"wp:attachment":[{"href":"https:\/\/www.osteopathe.desailly-sante.fr\/site\/wp-json\/wp\/v2\/media?parent=49"}],"curies":[{"name":"wp","href":"https:\/\/api.w.org\/{rel}","templated":true}]}}