{"id":56,"date":"2017-10-26T11:57:48","date_gmt":"2017-10-26T09:57:48","guid":{"rendered":"http:\/\/www.osteopathe.desailly-sante.fr\/site\/?page_id=56"},"modified":"2018-06-13T21:06:19","modified_gmt":"2018-06-13T19:06:19","slug":"enfants-et-adolescents","status":"publish","type":"page","link":"https:\/\/www.osteopathe.desailly-sante.fr\/site\/enfants-et-adolescents\/","title":{"rendered":"Enfants et adolescents"},"content":{"rendered":"<p>La croissance ainsi que plus tard la pubert\u00e9, entrainent des changements physiques et hormonaux occasionnant des contraintes majeures sur le corps de l\u2019enfant et de l\u2019adolescent.<\/p>\n<p>Comme pour toute personne s\u00e9dentaire, un bilan bi-annuel est conseill\u00e9 chez l\u2019enfant afin d\u2019effectuer un travail pr\u00e9ventif sur tous types de maux comme le torticolis, le lumbago ou encore les probl\u00e8mes digestifs.<br \/>\nToutefois il existe des sp\u00e9cificit\u00e9s chez les plus jeunes, pour lesquelles l\u2019ost\u00e9opathie peut rem\u00e9dier.<\/p>\n<hr \/>\n<p>&nbsp;<\/p>\n<ul>\n<li>Troubles m\u00e9caniques : scoliose ou attitude scoliotique, asym\u00e9trie de longueur de jambes, douleurs articulaires et musculaires\u2026<\/li>\n<\/ul>\n<p>&nbsp;<\/p>\n<ul>\n<li>Troubles digestifs : constipation, infections digestives r\u00e9p\u00e9t\u00e9es, maux de ventre et naus\u00e9es..<\/li>\n<\/ul>\n<p>&nbsp;<\/p>\n<ul>\n<li>Troubles g\u00e9nito-urinaires : r\u00e8gles douloureuses ou douleurs en rapport avec le cycle menstruel, \u00e9nur\u00e9sie (pipi au lit)\u2026<\/li>\n<\/ul>\n<p>&nbsp;<\/p>\n<ul>\n<li>Troubles ORL : inflammation \u00e0 r\u00e9p\u00e9tition (sinusite, rhinite,\u2026), maux de t\u00eate, traitement orthoptique\u2026<\/li>\n<\/ul>\n<p>&nbsp;<\/p>\n<ul>\n<li>Troubles dentaires : traitement orthodontique, probl\u00e8me d\u2019occlusion, probl\u00e8me d\u2019\u00e9locution (articul\u00e9) avec ou sans traitement orthophonique\u2026<\/li>\n<\/ul>\n<p>&nbsp;<\/p>\n<ul>\n<li>Troubles neuro-v\u00e9g\u00e9tatifs : probl\u00e8me de sommeil, stress et appr\u00e9hension \u00e0 l\u2019\u00e9cole, difficult\u00e9 de concentration\u2026<\/li>\n<\/ul>\n","protected":false},"excerpt":{"rendered":"<p>La croissance ainsi que plus tard la pubert\u00e9, entrainent des changements physiques et hormonaux occasionnant des contraintes majeures sur le corps de l\u2019enfant et de l\u2019adolescent. Comme pour toute personne s\u00e9dentaire, un bilan bi-annuel est conseill\u00e9 chez l\u2019enfant afin d\u2019effectuer un travail pr\u00e9ventif sur tous types de maux comme le torticolis, le lumbago ou encore &hellip; <\/p>\n<p class=\"link-more\"><a href=\"https:\/\/www.osteopathe.desailly-sante.fr\/site\/enfants-et-adolescents\/\" class=\"more-link\">Continuer la lecture<span class=\"screen-reader-text\"> de &laquo;&nbsp;Enfants et adolescents&nbsp;&raquo;<\/span><\/a><\/p>\n","protected":false},"author":1,"featured_media":125,"parent":0,"menu_order":0,"comment_status":"closed","ping_status":"closed","template":"","meta":{"_exactmetrics_skip_tracking":false,"_exactmetrics_sitenote_active":false,"_exactmetrics_sitenote_note":"","_exactmetrics_sitenote_category":0,"footnotes":""},"class_list":["post-56","page","type-page","status-publish","has-post-thumbnail","hentry"],"yoast_head":"<!-- This site is optimized with the Yoast SEO plugin v25.8 - https:\/\/yoast.com\/wordpress\/plugins\/seo\/ -->\n<title>Enfants et adolescents - Bastien Desailly Ost\u00e9opathe D.O<\/title>\n<meta name=\"robots\" content=\"index, follow, max-snippet:-1, max-image-preview:large, max-video-preview:-1\" \/>\n<link rel=\"canonical\" href=\"https:\/\/www.osteopathe.desailly-sante.fr\/site\/enfants-et-adolescents\/\" \/>\n<meta property=\"og:locale\" content=\"fr_FR\" \/>\n<meta property=\"og:type\" content=\"article\" \/>\n<meta property=\"og:title\" content=\"Enfants et adolescents - Bastien Desailly Ost\u00e9opathe D.O\" \/>\n<meta property=\"og:description\" content=\"La croissance ainsi que plus tard la pubert\u00e9, entrainent des changements physiques et hormonaux occasionnant des contraintes majeures sur le corps de l\u2019enfant et de l\u2019adolescent. Comme pour toute personne s\u00e9dentaire, un bilan bi-annuel est conseill\u00e9 chez l\u2019enfant afin d\u2019effectuer un travail pr\u00e9ventif sur tous types de maux comme le torticolis, le lumbago ou encore &hellip; Continuer la lecture de &laquo;&nbsp;Enfants et adolescents&nbsp;&raquo;\" \/>\n<meta property=\"og:url\" content=\"https:\/\/www.osteopathe.desailly-sante.fr\/site\/enfants-et-adolescents\/\" \/>\n<meta property=\"og:site_name\" content=\"Bastien Desailly Ost\u00e9opathe D.O\" \/>\n<meta property=\"article:publisher\" content=\"https:\/\/www.facebook.com\/profile.php?id=100049359626183\" \/>\n<meta property=\"article:modified_time\" content=\"2018-06-13T19:06:19+00:00\" \/>\n<meta property=\"og:image\" content=\"https:\/\/www.osteopathe.desailly-sante.fr\/site\/wp-content\/uploads\/2017\/10\/neonbrand-426918-1024x637.jpg\" \/>\n\t<meta property=\"og:image:width\" content=\"1024\" \/>\n\t<meta property=\"og:image:height\" content=\"637\" \/>\n\t<meta property=\"og:image:type\" content=\"image\/jpeg\" \/>\n<meta name=\"twitter:card\" content=\"summary_large_image\" \/>\n<meta name=\"twitter:label1\" content=\"Dur\u00e9e de lecture estim\u00e9e\" \/>\n\t<meta name=\"twitter:data1\" content=\"1 minute\" \/>\n<script type=\"application\/ld+json\" class=\"yoast-schema-graph\">{\"@context\":\"https:\/\/schema.org\",\"@graph\":[{\"@type\":\"WebPage\",\"@id\":\"https:\/\/www.osteopathe.desailly-sante.fr\/site\/enfants-et-adolescents\/\",\"url\":\"https:\/\/www.osteopathe.desailly-sante.fr\/site\/enfants-et-adolescents\/\",\"name\":\"Enfants et adolescents - Bastien Desailly Ost\u00e9opathe D.O\",\"isPartOf\":{\"@id\":\"https:\/\/www.osteopathe.desailly-sante.fr\/site\/#website\"},\"primaryImageOfPage\":{\"@id\":\"https:\/\/www.osteopathe.desailly-sante.fr\/site\/enfants-et-adolescents\/#primaryimage\"},\"image\":{\"@id\":\"https:\/\/www.osteopathe.desailly-sante.fr\/site\/enfants-et-adolescents\/#primaryimage\"},\"thumbnailUrl\":\"https:\/\/www.osteopathe.desailly-sante.fr\/site\/wp-content\/uploads\/2017\/10\/neonbrand-426918.jpg\",\"datePublished\":\"2017-10-26T09:57:48+00:00\",\"dateModified\":\"2018-06-13T19:06:19+00:00\",\"breadcrumb\":{\"@id\":\"https:\/\/www.osteopathe.desailly-sante.fr\/site\/enfants-et-adolescents\/#breadcrumb\"},\"inLanguage\":\"fr-FR\",\"potentialAction\":[{\"@type\":\"ReadAction\",\"target\":[\"https:\/\/www.osteopathe.desailly-sante.fr\/site\/enfants-et-adolescents\/\"]}]},{\"@type\":\"ImageObject\",\"inLanguage\":\"fr-FR\",\"@id\":\"https:\/\/www.osteopathe.desailly-sante.fr\/site\/enfants-et-adolescents\/#primaryimage\",\"url\":\"https:\/\/www.osteopathe.desailly-sante.fr\/site\/wp-content\/uploads\/2017\/10\/neonbrand-426918.jpg\",\"contentUrl\":\"https:\/\/www.osteopathe.desailly-sante.fr\/site\/wp-content\/uploads\/2017\/10\/neonbrand-426918.jpg\",\"width\":4839,\"height\":3012},{\"@type\":\"BreadcrumbList\",\"@id\":\"https:\/\/www.osteopathe.desailly-sante.fr\/site\/enfants-et-adolescents\/#breadcrumb\",\"itemListElement\":[{\"@type\":\"ListItem\",\"position\":1,\"name\":\"Accueil\",\"item\":\"https:\/\/www.osteopathe.desailly-sante.fr\/site\/\"},{\"@type\":\"ListItem\",\"position\":2,\"name\":\"Enfants et adolescents\"}]},{\"@type\":\"WebSite\",\"@id\":\"https:\/\/www.osteopathe.desailly-sante.fr\/site\/#website\",\"url\":\"https:\/\/www.osteopathe.desailly-sante.fr\/site\/\",\"name\":\"Bastien Desailly Ost\u00e9opathe D.O\",\"description\":\"Certification en Ost\u00e9opathie P\u00e9diatrique\",\"publisher\":{\"@id\":\"https:\/\/www.osteopathe.desailly-sante.fr\/site\/#organization\"},\"potentialAction\":[{\"@type\":\"SearchAction\",\"target\":{\"@type\":\"EntryPoint\",\"urlTemplate\":\"https:\/\/www.osteopathe.desailly-sante.fr\/site\/?s={search_term_string}\"},\"query-input\":{\"@type\":\"PropertyValueSpecification\",\"valueRequired\":true,\"valueName\":\"search_term_string\"}}],\"inLanguage\":\"fr-FR\"},{\"@type\":\"Organization\",\"@id\":\"https:\/\/www.osteopathe.desailly-sante.fr\/site\/#organization\",\"name\":\"Bastien Desailly Ost\u00e9opathe D.O\",\"url\":\"https:\/\/www.osteopathe.desailly-sante.fr\/site\/\",\"logo\":{\"@type\":\"ImageObject\",\"inLanguage\":\"fr-FR\",\"@id\":\"https:\/\/www.osteopathe.desailly-sante.fr\/site\/#\/schema\/logo\/image\/\",\"url\":\"http:\/\/www.osteopathe.desailly-sante.fr\/site\/wp-content\/uploads\/2025\/06\/preview.png\",\"contentUrl\":\"http:\/\/www.osteopathe.desailly-sante.fr\/site\/wp-content\/uploads\/2025\/06\/preview.png\",\"width\":1076,\"height\":1769,\"caption\":\"Bastien Desailly Ost\u00e9opathe D.O\"},\"image\":{\"@id\":\"https:\/\/www.osteopathe.desailly-sante.fr\/site\/#\/schema\/logo\/image\/\"},\"sameAs\":[\"https:\/\/www.facebook.com\/profile.php?id=100049359626183\"]}]}<\/script>\n<!-- \/ Yoast SEO plugin. -->","yoast_head_json":{"title":"Enfants et adolescents - Bastien Desailly Ost\u00e9opathe D.O","robots":{"index":"index","follow":"follow","max-snippet":"max-snippet:-1","max-image-preview":"max-image-preview:large","max-video-preview":"max-video-preview:-1"},"canonical":"https:\/\/www.osteopathe.desailly-sante.fr\/site\/enfants-et-adolescents\/","og_locale":"fr_FR","og_type":"article","og_title":"Enfants et adolescents - Bastien Desailly Ost\u00e9opathe D.O","og_description":"La croissance ainsi que plus tard la pubert\u00e9, entrainent des changements physiques et hormonaux occasionnant des contraintes majeures sur le corps de l\u2019enfant et de l\u2019adolescent. Comme pour toute personne s\u00e9dentaire, un bilan bi-annuel est conseill\u00e9 chez l\u2019enfant afin d\u2019effectuer un travail pr\u00e9ventif sur tous types de maux comme le torticolis, le lumbago ou encore &hellip; Continuer la lecture de &laquo;&nbsp;Enfants et adolescents&nbsp;&raquo;","og_url":"https:\/\/www.osteopathe.desailly-sante.fr\/site\/enfants-et-adolescents\/","og_site_name":"Bastien Desailly Ost\u00e9opathe D.O","article_publisher":"https:\/\/www.facebook.com\/profile.php?id=100049359626183","article_modified_time":"2018-06-13T19:06:19+00:00","og_image":[{"width":1024,"height":637,"url":"https:\/\/www.osteopathe.desailly-sante.fr\/site\/wp-content\/uploads\/2017\/10\/neonbrand-426918-1024x637.jpg","type":"image\/jpeg"}],"twitter_card":"summary_large_image","twitter_misc":{"Dur\u00e9e de lecture estim\u00e9e":"1 minute"},"schema":{"@context":"https:\/\/schema.org","@graph":[{"@type":"WebPage","@id":"https:\/\/www.osteopathe.desailly-sante.fr\/site\/enfants-et-adolescents\/","url":"https:\/\/www.osteopathe.desailly-sante.fr\/site\/enfants-et-adolescents\/","name":"Enfants et adolescents - Bastien Desailly Ost\u00e9opathe D.O","isPartOf":{"@id":"https:\/\/www.osteopathe.desailly-sante.fr\/site\/#website"},"primaryImageOfPage":{"@id":"https:\/\/www.osteopathe.desailly-sante.fr\/site\/enfants-et-adolescents\/#primaryimage"},"image":{"@id":"https:\/\/www.osteopathe.desailly-sante.fr\/site\/enfants-et-adolescents\/#primaryimage"},"thumbnailUrl":"https:\/\/www.osteopathe.desailly-sante.fr\/site\/wp-content\/uploads\/2017\/10\/neonbrand-426918.jpg","datePublished":"2017-10-26T09:57:48+00:00","dateModified":"2018-06-13T19:06:19+00:00","breadcrumb":{"@id":"https:\/\/www.osteopathe.desailly-sante.fr\/site\/enfants-et-adolescents\/#breadcrumb"},"inLanguage":"fr-FR","potentialAction":[{"@type":"ReadAction","target":["https:\/\/www.osteopathe.desailly-sante.fr\/site\/enfants-et-adolescents\/"]}]},{"@type":"ImageObject","inLanguage":"fr-FR","@id":"https:\/\/www.osteopathe.desailly-sante.fr\/site\/enfants-et-adolescents\/#primaryimage","url":"https:\/\/www.osteopathe.desailly-sante.fr\/site\/wp-content\/uploads\/2017\/10\/neonbrand-426918.jpg","contentUrl":"https:\/\/www.osteopathe.desailly-sante.fr\/site\/wp-content\/uploads\/2017\/10\/neonbrand-426918.jpg","width":4839,"height":3012},{"@type":"BreadcrumbList","@id":"https:\/\/www.osteopathe.desailly-sante.fr\/site\/enfants-et-adolescents\/#breadcrumb","itemListElement":[{"@type":"ListItem","position":1,"name":"Accueil","item":"https:\/\/www.osteopathe.desailly-sante.fr\/site\/"},{"@type":"ListItem","position":2,"name":"Enfants et adolescents"}]},{"@type":"WebSite","@id":"https:\/\/www.osteopathe.desailly-sante.fr\/site\/#website","url":"https:\/\/www.osteopathe.desailly-sante.fr\/site\/","name":"Bastien Desailly Ost\u00e9opathe D.O","description":"Certification en Ost\u00e9opathie P\u00e9diatrique","publisher":{"@id":"https:\/\/www.osteopathe.desailly-sante.fr\/site\/#organization"},"potentialAction":[{"@type":"SearchAction","target":{"@type":"EntryPoint","urlTemplate":"https:\/\/www.osteopathe.desailly-sante.fr\/site\/?s={search_term_string}"},"query-input":{"@type":"PropertyValueSpecification","valueRequired":true,"valueName":"search_term_string"}}],"inLanguage":"fr-FR"},{"@type":"Organization","@id":"https:\/\/www.osteopathe.desailly-sante.fr\/site\/#organization","name":"Bastien Desailly Ost\u00e9opathe D.O","url":"https:\/\/www.osteopathe.desailly-sante.fr\/site\/","logo":{"@type":"ImageObject","inLanguage":"fr-FR","@id":"https:\/\/www.osteopathe.desailly-sante.fr\/site\/#\/schema\/logo\/image\/","url":"http:\/\/www.osteopathe.desailly-sante.fr\/site\/wp-content\/uploads\/2025\/06\/preview.png","contentUrl":"http:\/\/www.osteopathe.desailly-sante.fr\/site\/wp-content\/uploads\/2025\/06\/preview.png","width":1076,"height":1769,"caption":"Bastien Desailly Ost\u00e9opathe D.O"},"image":{"@id":"https:\/\/www.osteopathe.desailly-sante.fr\/site\/#\/schema\/logo\/image\/"},"sameAs":["https:\/\/www.facebook.com\/profile.php?id=100049359626183"]}]}},"_links":{"self":[{"href":"https:\/\/www.osteopathe.desailly-sante.fr\/site\/wp-json\/wp\/v2\/pages\/56","targetHints":{"allow":["GET"]}}],"collection":[{"href":"https:\/\/www.osteopathe.desailly-sante.fr\/site\/wp-json\/wp\/v2\/pages"}],"about":[{"href":"https:\/\/www.osteopathe.desailly-sante.fr\/site\/wp-json\/wp\/v2\/types\/page"}],"author":[{"embeddable":true,"href":"https:\/\/www.osteopathe.desailly-sante.fr\/site\/wp-json\/wp\/v2\/users\/1"}],"replies":[{"embeddable":true,"href":"https:\/\/www.osteopathe.desailly-sante.fr\/site\/wp-json\/wp\/v2\/comments?post=56"}],"version-history":[{"count":4,"href":"https:\/\/www.osteopathe.desailly-sante.fr\/site\/wp-json\/wp\/v2\/pages\/56\/revisions"}],"predecessor-version":[{"id":204,"href":"https:\/\/www.osteopathe.desailly-sante.fr\/site\/wp-json\/wp\/v2\/pages\/56\/revisions\/204"}],"wp:featuredmedia":[{"embeddable":true,"href":"https:\/\/www.osteopathe.desailly-sante.fr\/site\/wp-json\/wp\/v2\/media\/125"}],"wp:attachment":[{"href":"https:\/\/www.osteopathe.desailly-sante.fr\/site\/wp-json\/wp\/v2\/media?parent=56"}],"curies":[{"name":"wp","href":"https:\/\/api.w.org\/{rel}","templated":true}]}}