{"id":59,"date":"2017-10-26T12:00:19","date_gmt":"2017-10-26T10:00:19","guid":{"rendered":"http:\/\/www.osteopathe.desailly-sante.fr\/site\/?page_id=59"},"modified":"2025-07-06T11:56:42","modified_gmt":"2025-07-06T09:56:42","slug":"consultation","status":"publish","type":"page","link":"https:\/\/www.osteopathe.desailly-sante.fr\/site\/consultation\/","title":{"rendered":"Consultation"},"content":{"rendered":"<h2><strong>Consultation<\/strong><\/h2>\n<p>La consultation dure en moyenne 45min et se d\u00e9roule en trois temps majeurs.<\/p>\n<p><strong>L\u2019entretien\u00a0<\/strong>consiste en un bilan d\u00e9taill\u00e9 de vos ant\u00e9c\u00e9dents ainsi que votre motif de consultation.<\/p>\n<p><em>Merci d\u2019amener vos examens compl\u00e9mentaires les plus r\u00e9cents pour tout motif sp\u00e9cifique.\u00a0<\/em><\/p>\n<p><strong>L\u2019examen\u00a0<\/strong>est une s\u00e9rie de tests qui permettent d\u2019abord \u00e0 l\u2019ost\u00e9opathe de d\u00e9terminer si l\u2019ost\u00e9opathie est adapt\u00e9e \u00e0 votre douleur, puis ensuite de trouver les zones manquant de mobilit\u00e9 qui seront \u00e0 travailler par la suite.<\/p>\n<p><strong>Le traitement<\/strong>\u00a0d\u00e9coule de l\u2019examen effectu\u00e9, et se voit donc adapt\u00e9 au patient avec un large panel de techniques.<\/p>\n<p><em>A noter que lors d\u2019une s\u00e9ance d\u2019ost\u00e9opathie, le patient est classiquement en\u00a0sous-v\u00eatements afin de faciliter les tests et le traitement par l\u2019ost\u00e9opathe.\u00a0<\/em><\/p>\n<h2><strong>Honoraires<\/strong><\/h2>\n<p>Le tarif d\u2019une consultation d\u2019ost\u00e9opathie est de 60 euros. Le r\u00e8glement des honoraires, \u00e0 effectuer le jour-m\u00eame, est possible par ch\u00e8que ou en esp\u00e8ces.<\/p>\n<h2><strong>Mutuelles et remboursement\u00a0<\/strong><\/h2>\n<p>L\u2019ost\u00e9opathie n\u2019est pas prise en charge par la S\u00e9curit\u00e9 Sociale, toutefois de nombreuses mutuelles remboursent partiellement ou en totalit\u00e9 les actes en ost\u00e9opathie.<\/p>\n<p>Vous pouvez vous renseigner aupr\u00e8s de votre mutuelle ou consulter une liste non exhaustive des mutuelles qui remboursent sur\u00a0:<\/p>\n<p><a href=\"http:\/\/www.osteopathie.org\/mutuelles.html\">http:\/\/www.osteopathie.org\/mutuelles.html<\/a><\/p>\n","protected":false},"excerpt":{"rendered":"<p>Consultation La consultation dure en moyenne 45min et se d\u00e9roule en trois temps majeurs. L\u2019entretien\u00a0consiste en un bilan d\u00e9taill\u00e9 de vos ant\u00e9c\u00e9dents ainsi que votre motif de consultation. Merci d\u2019amener vos examens compl\u00e9mentaires les plus r\u00e9cents pour tout motif sp\u00e9cifique.\u00a0 L\u2019examen\u00a0est une s\u00e9rie de tests qui permettent d\u2019abord \u00e0 l\u2019ost\u00e9opathe de d\u00e9terminer si l\u2019ost\u00e9opathie est &hellip; <\/p>\n<p class=\"link-more\"><a href=\"https:\/\/www.osteopathe.desailly-sante.fr\/site\/consultation\/\" class=\"more-link\">Continuer la lecture<span class=\"screen-reader-text\"> de &laquo;&nbsp;Consultation&nbsp;&raquo;<\/span><\/a><\/p>\n","protected":false},"author":1,"featured_media":0,"parent":0,"menu_order":0,"comment_status":"closed","ping_status":"closed","template":"","meta":{"_exactmetrics_skip_tracking":false,"_exactmetrics_sitenote_active":false,"_exactmetrics_sitenote_note":"","_exactmetrics_sitenote_category":0,"footnotes":""},"class_list":["post-59","page","type-page","status-publish","hentry"],"yoast_head":"<!-- This site is optimized with the Yoast SEO plugin v25.8 - https:\/\/yoast.com\/wordpress\/plugins\/seo\/ -->\n<title>Consultation - Bastien Desailly Ost\u00e9opathe D.O<\/title>\n<meta name=\"robots\" content=\"index, follow, max-snippet:-1, max-image-preview:large, max-video-preview:-1\" \/>\n<link rel=\"canonical\" href=\"https:\/\/www.osteopathe.desailly-sante.fr\/site\/consultation\/\" \/>\n<meta property=\"og:locale\" content=\"fr_FR\" \/>\n<meta property=\"og:type\" content=\"article\" \/>\n<meta property=\"og:title\" content=\"Consultation - Bastien Desailly Ost\u00e9opathe D.O\" \/>\n<meta property=\"og:description\" content=\"Consultation La consultation dure en moyenne 45min et se d\u00e9roule en trois temps majeurs. L\u2019entretien\u00a0consiste en un bilan d\u00e9taill\u00e9 de vos ant\u00e9c\u00e9dents ainsi que votre motif de consultation. Merci d\u2019amener vos examens compl\u00e9mentaires les plus r\u00e9cents pour tout motif sp\u00e9cifique.\u00a0 L\u2019examen\u00a0est une s\u00e9rie de tests qui permettent d\u2019abord \u00e0 l\u2019ost\u00e9opathe de d\u00e9terminer si l\u2019ost\u00e9opathie est &hellip; Continuer la lecture de &laquo;&nbsp;Consultation&nbsp;&raquo;\" \/>\n<meta property=\"og:url\" content=\"https:\/\/www.osteopathe.desailly-sante.fr\/site\/consultation\/\" \/>\n<meta property=\"og:site_name\" content=\"Bastien Desailly Ost\u00e9opathe D.O\" \/>\n<meta property=\"article:publisher\" content=\"https:\/\/www.facebook.com\/profile.php?id=100049359626183\" \/>\n<meta property=\"article:modified_time\" content=\"2025-07-06T09:56:42+00:00\" \/>\n<meta name=\"twitter:card\" content=\"summary_large_image\" \/>\n<meta name=\"twitter:label1\" content=\"Dur\u00e9e de lecture estim\u00e9e\" \/>\n\t<meta name=\"twitter:data1\" content=\"1 minute\" \/>\n<script type=\"application\/ld+json\" class=\"yoast-schema-graph\">{\"@context\":\"https:\/\/schema.org\",\"@graph\":[{\"@type\":\"WebPage\",\"@id\":\"https:\/\/www.osteopathe.desailly-sante.fr\/site\/consultation\/\",\"url\":\"https:\/\/www.osteopathe.desailly-sante.fr\/site\/consultation\/\",\"name\":\"Consultation - Bastien Desailly Ost\u00e9opathe D.O\",\"isPartOf\":{\"@id\":\"https:\/\/www.osteopathe.desailly-sante.fr\/site\/#website\"},\"datePublished\":\"2017-10-26T10:00:19+00:00\",\"dateModified\":\"2025-07-06T09:56:42+00:00\",\"breadcrumb\":{\"@id\":\"https:\/\/www.osteopathe.desailly-sante.fr\/site\/consultation\/#breadcrumb\"},\"inLanguage\":\"fr-FR\",\"potentialAction\":[{\"@type\":\"ReadAction\",\"target\":[\"https:\/\/www.osteopathe.desailly-sante.fr\/site\/consultation\/\"]}]},{\"@type\":\"BreadcrumbList\",\"@id\":\"https:\/\/www.osteopathe.desailly-sante.fr\/site\/consultation\/#breadcrumb\",\"itemListElement\":[{\"@type\":\"ListItem\",\"position\":1,\"name\":\"Accueil\",\"item\":\"https:\/\/www.osteopathe.desailly-sante.fr\/site\/\"},{\"@type\":\"ListItem\",\"position\":2,\"name\":\"Consultation\"}]},{\"@type\":\"WebSite\",\"@id\":\"https:\/\/www.osteopathe.desailly-sante.fr\/site\/#website\",\"url\":\"https:\/\/www.osteopathe.desailly-sante.fr\/site\/\",\"name\":\"Bastien Desailly Ost\u00e9opathe D.O\",\"description\":\"Certification en Ost\u00e9opathie P\u00e9diatrique\",\"publisher\":{\"@id\":\"https:\/\/www.osteopathe.desailly-sante.fr\/site\/#organization\"},\"potentialAction\":[{\"@type\":\"SearchAction\",\"target\":{\"@type\":\"EntryPoint\",\"urlTemplate\":\"https:\/\/www.osteopathe.desailly-sante.fr\/site\/?s={search_term_string}\"},\"query-input\":{\"@type\":\"PropertyValueSpecification\",\"valueRequired\":true,\"valueName\":\"search_term_string\"}}],\"inLanguage\":\"fr-FR\"},{\"@type\":\"Organization\",\"@id\":\"https:\/\/www.osteopathe.desailly-sante.fr\/site\/#organization\",\"name\":\"Bastien Desailly Ost\u00e9opathe D.O\",\"url\":\"https:\/\/www.osteopathe.desailly-sante.fr\/site\/\",\"logo\":{\"@type\":\"ImageObject\",\"inLanguage\":\"fr-FR\",\"@id\":\"https:\/\/www.osteopathe.desailly-sante.fr\/site\/#\/schema\/logo\/image\/\",\"url\":\"http:\/\/www.osteopathe.desailly-sante.fr\/site\/wp-content\/uploads\/2025\/06\/preview.png\",\"contentUrl\":\"http:\/\/www.osteopathe.desailly-sante.fr\/site\/wp-content\/uploads\/2025\/06\/preview.png\",\"width\":1076,\"height\":1769,\"caption\":\"Bastien Desailly Ost\u00e9opathe D.O\"},\"image\":{\"@id\":\"https:\/\/www.osteopathe.desailly-sante.fr\/site\/#\/schema\/logo\/image\/\"},\"sameAs\":[\"https:\/\/www.facebook.com\/profile.php?id=100049359626183\"]}]}<\/script>\n<!-- \/ Yoast SEO plugin. -->","yoast_head_json":{"title":"Consultation - Bastien Desailly Ost\u00e9opathe D.O","robots":{"index":"index","follow":"follow","max-snippet":"max-snippet:-1","max-image-preview":"max-image-preview:large","max-video-preview":"max-video-preview:-1"},"canonical":"https:\/\/www.osteopathe.desailly-sante.fr\/site\/consultation\/","og_locale":"fr_FR","og_type":"article","og_title":"Consultation - Bastien Desailly Ost\u00e9opathe D.O","og_description":"Consultation La consultation dure en moyenne 45min et se d\u00e9roule en trois temps majeurs. L\u2019entretien\u00a0consiste en un bilan d\u00e9taill\u00e9 de vos ant\u00e9c\u00e9dents ainsi que votre motif de consultation. Merci d\u2019amener vos examens compl\u00e9mentaires les plus r\u00e9cents pour tout motif sp\u00e9cifique.\u00a0 L\u2019examen\u00a0est une s\u00e9rie de tests qui permettent d\u2019abord \u00e0 l\u2019ost\u00e9opathe de d\u00e9terminer si l\u2019ost\u00e9opathie est &hellip; Continuer la lecture de &laquo;&nbsp;Consultation&nbsp;&raquo;","og_url":"https:\/\/www.osteopathe.desailly-sante.fr\/site\/consultation\/","og_site_name":"Bastien Desailly Ost\u00e9opathe D.O","article_publisher":"https:\/\/www.facebook.com\/profile.php?id=100049359626183","article_modified_time":"2025-07-06T09:56:42+00:00","twitter_card":"summary_large_image","twitter_misc":{"Dur\u00e9e de lecture estim\u00e9e":"1 minute"},"schema":{"@context":"https:\/\/schema.org","@graph":[{"@type":"WebPage","@id":"https:\/\/www.osteopathe.desailly-sante.fr\/site\/consultation\/","url":"https:\/\/www.osteopathe.desailly-sante.fr\/site\/consultation\/","name":"Consultation - Bastien Desailly Ost\u00e9opathe D.O","isPartOf":{"@id":"https:\/\/www.osteopathe.desailly-sante.fr\/site\/#website"},"datePublished":"2017-10-26T10:00:19+00:00","dateModified":"2025-07-06T09:56:42+00:00","breadcrumb":{"@id":"https:\/\/www.osteopathe.desailly-sante.fr\/site\/consultation\/#breadcrumb"},"inLanguage":"fr-FR","potentialAction":[{"@type":"ReadAction","target":["https:\/\/www.osteopathe.desailly-sante.fr\/site\/consultation\/"]}]},{"@type":"BreadcrumbList","@id":"https:\/\/www.osteopathe.desailly-sante.fr\/site\/consultation\/#breadcrumb","itemListElement":[{"@type":"ListItem","position":1,"name":"Accueil","item":"https:\/\/www.osteopathe.desailly-sante.fr\/site\/"},{"@type":"ListItem","position":2,"name":"Consultation"}]},{"@type":"WebSite","@id":"https:\/\/www.osteopathe.desailly-sante.fr\/site\/#website","url":"https:\/\/www.osteopathe.desailly-sante.fr\/site\/","name":"Bastien Desailly Ost\u00e9opathe D.O","description":"Certification en Ost\u00e9opathie P\u00e9diatrique","publisher":{"@id":"https:\/\/www.osteopathe.desailly-sante.fr\/site\/#organization"},"potentialAction":[{"@type":"SearchAction","target":{"@type":"EntryPoint","urlTemplate":"https:\/\/www.osteopathe.desailly-sante.fr\/site\/?s={search_term_string}"},"query-input":{"@type":"PropertyValueSpecification","valueRequired":true,"valueName":"search_term_string"}}],"inLanguage":"fr-FR"},{"@type":"Organization","@id":"https:\/\/www.osteopathe.desailly-sante.fr\/site\/#organization","name":"Bastien Desailly Ost\u00e9opathe D.O","url":"https:\/\/www.osteopathe.desailly-sante.fr\/site\/","logo":{"@type":"ImageObject","inLanguage":"fr-FR","@id":"https:\/\/www.osteopathe.desailly-sante.fr\/site\/#\/schema\/logo\/image\/","url":"http:\/\/www.osteopathe.desailly-sante.fr\/site\/wp-content\/uploads\/2025\/06\/preview.png","contentUrl":"http:\/\/www.osteopathe.desailly-sante.fr\/site\/wp-content\/uploads\/2025\/06\/preview.png","width":1076,"height":1769,"caption":"Bastien Desailly Ost\u00e9opathe D.O"},"image":{"@id":"https:\/\/www.osteopathe.desailly-sante.fr\/site\/#\/schema\/logo\/image\/"},"sameAs":["https:\/\/www.facebook.com\/profile.php?id=100049359626183"]}]}},"_links":{"self":[{"href":"https:\/\/www.osteopathe.desailly-sante.fr\/site\/wp-json\/wp\/v2\/pages\/59","targetHints":{"allow":["GET"]}}],"collection":[{"href":"https:\/\/www.osteopathe.desailly-sante.fr\/site\/wp-json\/wp\/v2\/pages"}],"about":[{"href":"https:\/\/www.osteopathe.desailly-sante.fr\/site\/wp-json\/wp\/v2\/types\/page"}],"author":[{"embeddable":true,"href":"https:\/\/www.osteopathe.desailly-sante.fr\/site\/wp-json\/wp\/v2\/users\/1"}],"replies":[{"embeddable":true,"href":"https:\/\/www.osteopathe.desailly-sante.fr\/site\/wp-json\/wp\/v2\/comments?post=59"}],"version-history":[{"count":4,"href":"https:\/\/www.osteopathe.desailly-sante.fr\/site\/wp-json\/wp\/v2\/pages\/59\/revisions"}],"predecessor-version":[{"id":244,"href":"https:\/\/www.osteopathe.desailly-sante.fr\/site\/wp-json\/wp\/v2\/pages\/59\/revisions\/244"}],"wp:attachment":[{"href":"https:\/\/www.osteopathe.desailly-sante.fr\/site\/wp-json\/wp\/v2\/media?parent=59"}],"curies":[{"name":"wp","href":"https:\/\/api.w.org\/{rel}","templated":true}]}}