{"id":90,"date":"2017-11-21T16:27:38","date_gmt":"2017-11-21T15:27:38","guid":{"rendered":"http:\/\/www.osteopathe.desailly-sante.fr\/site\/?page_id=90"},"modified":"2018-06-13T21:07:56","modified_gmt":"2018-06-13T19:07:56","slug":"femme-enceinte","status":"publish","type":"page","link":"https:\/\/www.osteopathe.desailly-sante.fr\/site\/femme-enceinte\/","title":{"rendered":"Femmes enceintes"},"content":{"rendered":"<p style=\"text-align: left;\">\u00a0 \u00a0La grossesse est un \u00e9v\u00e9nement majeur dans la vie d\u2019une femme, et elle bien souvent prise \u00e0 la l\u00e9g\u00e8re. \u00a0En effet la grossesse entraine de nombreuses cons\u00e9quences sur le corps de la femme qui doit sans cesse s\u2019adapter.<\/p>\n<p style=\"text-align: left;\">\u00a0 \u00a0L\u2019ost\u00e9opathie permet de vivre au mieux ces adaptations et diminuer les soucis qui en d\u00e9coulent.<\/p>\n<hr \/>\n<ul>\n<li>Troubles m\u00e9caniques : douleurs de la colonne, du bassin ou du coccyx, grossesse multiple&#8230;<\/li>\n<\/ul>\n<p>&nbsp;<\/p>\n<ul>\n<li>Troubles neurologiques : n\u00e9vralgie intercostale, sciatique, cruralgie, n\u00e9vralgie d&rsquo;Arnold&#8230;<\/li>\n<\/ul>\n<p>&nbsp;<\/p>\n<ul>\n<li>Troubles digestifs : naus\u00e9es, remont\u00e9es acides, constipation&#8230;<\/li>\n<\/ul>\n<p>&nbsp;<\/p>\n<ul>\n<li>Troubles vasculaires : jambes lourdes, sensation d&rsquo;oppression, maux de t\u00eate&#8230;<\/li>\n<\/ul>\n<p>&nbsp;<\/p>\n<ul>\n<li>Troubles nerveux : anxi\u00e9t\u00e9, fatigue, probl\u00e8me de sommeil&#8230;.<\/li>\n<\/ul>\n<hr \/>\n<p>Si tout se passe pour le mieux durant votre grossesse, un bilan peut \u00eatre int\u00e9ressant au cours du dernier trimestre afin de lib\u00e9rer les tensions pouvant rendre l&rsquo;accouchement moins optimal.<\/p>\n","protected":false},"excerpt":{"rendered":"<p>\u00a0 \u00a0La grossesse est un \u00e9v\u00e9nement majeur dans la vie d\u2019une femme, et elle bien souvent prise \u00e0 la l\u00e9g\u00e8re. \u00a0En effet la grossesse entraine de nombreuses cons\u00e9quences sur le corps de la femme qui doit sans cesse s\u2019adapter. \u00a0 \u00a0L\u2019ost\u00e9opathie permet de vivre au mieux ces adaptations et diminuer les soucis qui en d\u00e9coulent. &hellip; <\/p>\n<p class=\"link-more\"><a href=\"https:\/\/www.osteopathe.desailly-sante.fr\/site\/femme-enceinte\/\" class=\"more-link\">Continuer la lecture<span class=\"screen-reader-text\"> de &laquo;&nbsp;Femmes enceintes&nbsp;&raquo;<\/span><\/a><\/p>\n","protected":false},"author":1,"featured_media":121,"parent":0,"menu_order":0,"comment_status":"closed","ping_status":"closed","template":"","meta":{"_exactmetrics_skip_tracking":false,"_exactmetrics_sitenote_active":false,"_exactmetrics_sitenote_note":"","_exactmetrics_sitenote_category":0,"footnotes":""},"class_list":["post-90","page","type-page","status-publish","has-post-thumbnail","hentry"],"yoast_head":"<!-- This site is optimized with the Yoast SEO plugin v25.8 - https:\/\/yoast.com\/wordpress\/plugins\/seo\/ -->\n<title>Femmes enceintes - Bastien Desailly Ost\u00e9opathe D.O<\/title>\n<meta name=\"robots\" content=\"index, follow, max-snippet:-1, max-image-preview:large, max-video-preview:-1\" \/>\n<link rel=\"canonical\" href=\"https:\/\/www.osteopathe.desailly-sante.fr\/site\/femme-enceinte\/\" \/>\n<meta property=\"og:locale\" content=\"fr_FR\" \/>\n<meta property=\"og:type\" content=\"article\" \/>\n<meta property=\"og:title\" content=\"Femmes enceintes - Bastien Desailly Ost\u00e9opathe D.O\" \/>\n<meta property=\"og:description\" content=\"\u00a0 \u00a0La grossesse est un \u00e9v\u00e9nement majeur dans la vie d\u2019une femme, et elle bien souvent prise \u00e0 la l\u00e9g\u00e8re. \u00a0En effet la grossesse entraine de nombreuses cons\u00e9quences sur le corps de la femme qui doit sans cesse s\u2019adapter. \u00a0 \u00a0L\u2019ost\u00e9opathie permet de vivre au mieux ces adaptations et diminuer les soucis qui en d\u00e9coulent. &hellip; Continuer la lecture de &laquo;&nbsp;Femmes enceintes&nbsp;&raquo;\" \/>\n<meta property=\"og:url\" content=\"https:\/\/www.osteopathe.desailly-sante.fr\/site\/femme-enceinte\/\" \/>\n<meta property=\"og:site_name\" content=\"Bastien Desailly Ost\u00e9opathe D.O\" \/>\n<meta property=\"article:publisher\" content=\"https:\/\/www.facebook.com\/profile.php?id=100049359626183\" \/>\n<meta property=\"article:modified_time\" content=\"2018-06-13T19:07:56+00:00\" \/>\n<meta property=\"og:image\" content=\"https:\/\/www.osteopathe.desailly-sante.fr\/site\/wp-content\/uploads\/2017\/11\/freestocks-org-71789.jpg\" \/>\n\t<meta property=\"og:image:width\" content=\"5472\" \/>\n\t<meta property=\"og:image:height\" content=\"3648\" \/>\n\t<meta property=\"og:image:type\" content=\"image\/jpeg\" \/>\n<meta name=\"twitter:card\" content=\"summary_large_image\" \/>\n<meta name=\"twitter:label1\" content=\"Dur\u00e9e de lecture estim\u00e9e\" \/>\n\t<meta name=\"twitter:data1\" content=\"1 minute\" \/>\n<script type=\"application\/ld+json\" class=\"yoast-schema-graph\">{\"@context\":\"https:\/\/schema.org\",\"@graph\":[{\"@type\":\"WebPage\",\"@id\":\"https:\/\/www.osteopathe.desailly-sante.fr\/site\/femme-enceinte\/\",\"url\":\"https:\/\/www.osteopathe.desailly-sante.fr\/site\/femme-enceinte\/\",\"name\":\"Femmes enceintes - Bastien Desailly Ost\u00e9opathe D.O\",\"isPartOf\":{\"@id\":\"https:\/\/www.osteopathe.desailly-sante.fr\/site\/#website\"},\"primaryImageOfPage\":{\"@id\":\"https:\/\/www.osteopathe.desailly-sante.fr\/site\/femme-enceinte\/#primaryimage\"},\"image\":{\"@id\":\"https:\/\/www.osteopathe.desailly-sante.fr\/site\/femme-enceinte\/#primaryimage\"},\"thumbnailUrl\":\"https:\/\/www.osteopathe.desailly-sante.fr\/site\/wp-content\/uploads\/2017\/11\/freestocks-org-71789.jpg\",\"datePublished\":\"2017-11-21T15:27:38+00:00\",\"dateModified\":\"2018-06-13T19:07:56+00:00\",\"breadcrumb\":{\"@id\":\"https:\/\/www.osteopathe.desailly-sante.fr\/site\/femme-enceinte\/#breadcrumb\"},\"inLanguage\":\"fr-FR\",\"potentialAction\":[{\"@type\":\"ReadAction\",\"target\":[\"https:\/\/www.osteopathe.desailly-sante.fr\/site\/femme-enceinte\/\"]}]},{\"@type\":\"ImageObject\",\"inLanguage\":\"fr-FR\",\"@id\":\"https:\/\/www.osteopathe.desailly-sante.fr\/site\/femme-enceinte\/#primaryimage\",\"url\":\"https:\/\/www.osteopathe.desailly-sante.fr\/site\/wp-content\/uploads\/2017\/11\/freestocks-org-71789.jpg\",\"contentUrl\":\"https:\/\/www.osteopathe.desailly-sante.fr\/site\/wp-content\/uploads\/2017\/11\/freestocks-org-71789.jpg\",\"width\":5472,\"height\":3648},{\"@type\":\"BreadcrumbList\",\"@id\":\"https:\/\/www.osteopathe.desailly-sante.fr\/site\/femme-enceinte\/#breadcrumb\",\"itemListElement\":[{\"@type\":\"ListItem\",\"position\":1,\"name\":\"Accueil\",\"item\":\"https:\/\/www.osteopathe.desailly-sante.fr\/site\/\"},{\"@type\":\"ListItem\",\"position\":2,\"name\":\"Femmes enceintes\"}]},{\"@type\":\"WebSite\",\"@id\":\"https:\/\/www.osteopathe.desailly-sante.fr\/site\/#website\",\"url\":\"https:\/\/www.osteopathe.desailly-sante.fr\/site\/\",\"name\":\"Bastien Desailly Ost\u00e9opathe D.O\",\"description\":\"Certification en Ost\u00e9opathie P\u00e9diatrique\",\"publisher\":{\"@id\":\"https:\/\/www.osteopathe.desailly-sante.fr\/site\/#organization\"},\"potentialAction\":[{\"@type\":\"SearchAction\",\"target\":{\"@type\":\"EntryPoint\",\"urlTemplate\":\"https:\/\/www.osteopathe.desailly-sante.fr\/site\/?s={search_term_string}\"},\"query-input\":{\"@type\":\"PropertyValueSpecification\",\"valueRequired\":true,\"valueName\":\"search_term_string\"}}],\"inLanguage\":\"fr-FR\"},{\"@type\":\"Organization\",\"@id\":\"https:\/\/www.osteopathe.desailly-sante.fr\/site\/#organization\",\"name\":\"Bastien Desailly Ost\u00e9opathe D.O\",\"url\":\"https:\/\/www.osteopathe.desailly-sante.fr\/site\/\",\"logo\":{\"@type\":\"ImageObject\",\"inLanguage\":\"fr-FR\",\"@id\":\"https:\/\/www.osteopathe.desailly-sante.fr\/site\/#\/schema\/logo\/image\/\",\"url\":\"http:\/\/www.osteopathe.desailly-sante.fr\/site\/wp-content\/uploads\/2025\/06\/preview.png\",\"contentUrl\":\"http:\/\/www.osteopathe.desailly-sante.fr\/site\/wp-content\/uploads\/2025\/06\/preview.png\",\"width\":1076,\"height\":1769,\"caption\":\"Bastien Desailly Ost\u00e9opathe D.O\"},\"image\":{\"@id\":\"https:\/\/www.osteopathe.desailly-sante.fr\/site\/#\/schema\/logo\/image\/\"},\"sameAs\":[\"https:\/\/www.facebook.com\/profile.php?id=100049359626183\"]}]}<\/script>\n<!-- \/ Yoast SEO plugin. -->","yoast_head_json":{"title":"Femmes enceintes - Bastien Desailly Ost\u00e9opathe D.O","robots":{"index":"index","follow":"follow","max-snippet":"max-snippet:-1","max-image-preview":"max-image-preview:large","max-video-preview":"max-video-preview:-1"},"canonical":"https:\/\/www.osteopathe.desailly-sante.fr\/site\/femme-enceinte\/","og_locale":"fr_FR","og_type":"article","og_title":"Femmes enceintes - Bastien Desailly Ost\u00e9opathe D.O","og_description":"\u00a0 \u00a0La grossesse est un \u00e9v\u00e9nement majeur dans la vie d\u2019une femme, et elle bien souvent prise \u00e0 la l\u00e9g\u00e8re. \u00a0En effet la grossesse entraine de nombreuses cons\u00e9quences sur le corps de la femme qui doit sans cesse s\u2019adapter. \u00a0 \u00a0L\u2019ost\u00e9opathie permet de vivre au mieux ces adaptations et diminuer les soucis qui en d\u00e9coulent. &hellip; Continuer la lecture de &laquo;&nbsp;Femmes enceintes&nbsp;&raquo;","og_url":"https:\/\/www.osteopathe.desailly-sante.fr\/site\/femme-enceinte\/","og_site_name":"Bastien Desailly Ost\u00e9opathe D.O","article_publisher":"https:\/\/www.facebook.com\/profile.php?id=100049359626183","article_modified_time":"2018-06-13T19:07:56+00:00","og_image":[{"width":5472,"height":3648,"url":"https:\/\/www.osteopathe.desailly-sante.fr\/site\/wp-content\/uploads\/2017\/11\/freestocks-org-71789.jpg","type":"image\/jpeg"}],"twitter_card":"summary_large_image","twitter_misc":{"Dur\u00e9e de lecture estim\u00e9e":"1 minute"},"schema":{"@context":"https:\/\/schema.org","@graph":[{"@type":"WebPage","@id":"https:\/\/www.osteopathe.desailly-sante.fr\/site\/femme-enceinte\/","url":"https:\/\/www.osteopathe.desailly-sante.fr\/site\/femme-enceinte\/","name":"Femmes enceintes - Bastien Desailly Ost\u00e9opathe D.O","isPartOf":{"@id":"https:\/\/www.osteopathe.desailly-sante.fr\/site\/#website"},"primaryImageOfPage":{"@id":"https:\/\/www.osteopathe.desailly-sante.fr\/site\/femme-enceinte\/#primaryimage"},"image":{"@id":"https:\/\/www.osteopathe.desailly-sante.fr\/site\/femme-enceinte\/#primaryimage"},"thumbnailUrl":"https:\/\/www.osteopathe.desailly-sante.fr\/site\/wp-content\/uploads\/2017\/11\/freestocks-org-71789.jpg","datePublished":"2017-11-21T15:27:38+00:00","dateModified":"2018-06-13T19:07:56+00:00","breadcrumb":{"@id":"https:\/\/www.osteopathe.desailly-sante.fr\/site\/femme-enceinte\/#breadcrumb"},"inLanguage":"fr-FR","potentialAction":[{"@type":"ReadAction","target":["https:\/\/www.osteopathe.desailly-sante.fr\/site\/femme-enceinte\/"]}]},{"@type":"ImageObject","inLanguage":"fr-FR","@id":"https:\/\/www.osteopathe.desailly-sante.fr\/site\/femme-enceinte\/#primaryimage","url":"https:\/\/www.osteopathe.desailly-sante.fr\/site\/wp-content\/uploads\/2017\/11\/freestocks-org-71789.jpg","contentUrl":"https:\/\/www.osteopathe.desailly-sante.fr\/site\/wp-content\/uploads\/2017\/11\/freestocks-org-71789.jpg","width":5472,"height":3648},{"@type":"BreadcrumbList","@id":"https:\/\/www.osteopathe.desailly-sante.fr\/site\/femme-enceinte\/#breadcrumb","itemListElement":[{"@type":"ListItem","position":1,"name":"Accueil","item":"https:\/\/www.osteopathe.desailly-sante.fr\/site\/"},{"@type":"ListItem","position":2,"name":"Femmes enceintes"}]},{"@type":"WebSite","@id":"https:\/\/www.osteopathe.desailly-sante.fr\/site\/#website","url":"https:\/\/www.osteopathe.desailly-sante.fr\/site\/","name":"Bastien Desailly Ost\u00e9opathe D.O","description":"Certification en Ost\u00e9opathie P\u00e9diatrique","publisher":{"@id":"https:\/\/www.osteopathe.desailly-sante.fr\/site\/#organization"},"potentialAction":[{"@type":"SearchAction","target":{"@type":"EntryPoint","urlTemplate":"https:\/\/www.osteopathe.desailly-sante.fr\/site\/?s={search_term_string}"},"query-input":{"@type":"PropertyValueSpecification","valueRequired":true,"valueName":"search_term_string"}}],"inLanguage":"fr-FR"},{"@type":"Organization","@id":"https:\/\/www.osteopathe.desailly-sante.fr\/site\/#organization","name":"Bastien Desailly Ost\u00e9opathe D.O","url":"https:\/\/www.osteopathe.desailly-sante.fr\/site\/","logo":{"@type":"ImageObject","inLanguage":"fr-FR","@id":"https:\/\/www.osteopathe.desailly-sante.fr\/site\/#\/schema\/logo\/image\/","url":"http:\/\/www.osteopathe.desailly-sante.fr\/site\/wp-content\/uploads\/2025\/06\/preview.png","contentUrl":"http:\/\/www.osteopathe.desailly-sante.fr\/site\/wp-content\/uploads\/2025\/06\/preview.png","width":1076,"height":1769,"caption":"Bastien Desailly Ost\u00e9opathe D.O"},"image":{"@id":"https:\/\/www.osteopathe.desailly-sante.fr\/site\/#\/schema\/logo\/image\/"},"sameAs":["https:\/\/www.facebook.com\/profile.php?id=100049359626183"]}]}},"_links":{"self":[{"href":"https:\/\/www.osteopathe.desailly-sante.fr\/site\/wp-json\/wp\/v2\/pages\/90","targetHints":{"allow":["GET"]}}],"collection":[{"href":"https:\/\/www.osteopathe.desailly-sante.fr\/site\/wp-json\/wp\/v2\/pages"}],"about":[{"href":"https:\/\/www.osteopathe.desailly-sante.fr\/site\/wp-json\/wp\/v2\/types\/page"}],"author":[{"embeddable":true,"href":"https:\/\/www.osteopathe.desailly-sante.fr\/site\/wp-json\/wp\/v2\/users\/1"}],"replies":[{"embeddable":true,"href":"https:\/\/www.osteopathe.desailly-sante.fr\/site\/wp-json\/wp\/v2\/comments?post=90"}],"version-history":[{"count":5,"href":"https:\/\/www.osteopathe.desailly-sante.fr\/site\/wp-json\/wp\/v2\/pages\/90\/revisions"}],"predecessor-version":[{"id":206,"href":"https:\/\/www.osteopathe.desailly-sante.fr\/site\/wp-json\/wp\/v2\/pages\/90\/revisions\/206"}],"wp:featuredmedia":[{"embeddable":true,"href":"https:\/\/www.osteopathe.desailly-sante.fr\/site\/wp-json\/wp\/v2\/media\/121"}],"wp:attachment":[{"href":"https:\/\/www.osteopathe.desailly-sante.fr\/site\/wp-json\/wp\/v2\/media?parent=90"}],"curies":[{"name":"wp","href":"https:\/\/api.w.org\/{rel}","templated":true}]}}