{"id":94,"date":"2017-11-21T17:01:03","date_gmt":"2017-11-21T16:01:03","guid":{"rendered":"http:\/\/www.osteopathe.desailly-sante.fr\/site\/?page_id=94"},"modified":"2018-06-13T21:00:14","modified_gmt":"2018-06-13T19:00:14","slug":"adultes-et-seniors","status":"publish","type":"page","link":"https:\/\/www.osteopathe.desailly-sante.fr\/site\/adultes-et-seniors\/","title":{"rendered":"Adultes et S\u00e9niors"},"content":{"rendered":"<p>Le quotidien de chacun r\u00e9v\u00e8le son lot d&rsquo;inconv\u00e9nients, contraintes physiques ou \u00e9motionnelles, entachant progressivement les capacit\u00e9s de notre corps \u00e0 s&rsquo;adapter \u00e0 toutes ces contraintes.<\/p>\n<p>Avec l&rsquo;\u00e2ge, les capacit\u00e9s d&rsquo;adaptation permettant un corps sans douleur diminuent.<\/p>\n<p>L&rsquo;ost\u00e9opathie permet de redonner \u00e0 votre corps ces capacit\u00e9s et permet donc de diminuer ou d&rsquo;\u00e9viter certains troubles.<\/p>\n<hr \/>\n<ul>\n<li>Troubles m\u00e9caniques : douleur musculaire ou articulaire du rachis\/bassin ou des membres, entorses, apr\u00e8s un traumatisme b\u00e9nin (accident, chute sur les fesses)&#8230;<\/li>\n<\/ul>\n<p>&nbsp;<\/p>\n<ul>\n<li>Troubles neurologiques : sciatique, cruralgie, n\u00e9vralgie cervico-brachiale, n\u00e9vralgie intercostale, n\u00e9vralgie d&rsquo;Arnold, n\u00e9vralgie de la face&#8230;<\/li>\n<\/ul>\n<p>&nbsp;<\/p>\n<ul>\n<li>Troubles digestifs : constipation, remont\u00e9es acides, reflux, ballonnements, naus\u00e9es, diarrh\u00e9es, probl\u00e8me digestif, maladie de Crohn&#8230;<\/li>\n<\/ul>\n<p>&nbsp;<\/p>\n<ul>\n<li>Troubles gyn\u00e9co-urinaires : infections r\u00e9p\u00e9t\u00e9es (cystites, prostatites&#8230;), dyspareunies, douleur menstruelle&#8230;<\/li>\n<\/ul>\n<p>&nbsp;<\/p>\n<ul>\n<li>Troubles ORL : infections r\u00e9p\u00e9t\u00e9es (otites, rhinites, sinusites), douleur de m\u00e2choire, maux de t\u00eates, vertiges, acouph\u00e8nes&#8230;<\/li>\n<\/ul>\n<p>&nbsp;<\/p>\n<ul>\n<li>Troubles neuro-v\u00e9g\u00e9tatifs : stress, fatigue, anxi\u00e9t\u00e9, troubles du sommeil, \u00e9tat d\u00e9pressif&#8230;<\/li>\n<\/ul>\n<hr \/>\n<p>Pas de douleurs ? Aucun probl\u00e8me ! L&rsquo;ost\u00e9opathie est en grande partie une th\u00e9rapie pr\u00e9ventive. Il est donc possible de travailler sur les tensions asymptomatiques de votre corps avant que celles-ci ne deviennent probl\u00e9matiques.<\/p>\n<p>Il est r\u00e9guli\u00e8rement conseill\u00e9 d&rsquo;effectuer 1 \u00e0 2 s\u00e9ances par an, afin d&rsquo;avoir un corps qui s&rsquo;adapte au mieux \u00e0 votre quotidien.<\/p>\n","protected":false},"excerpt":{"rendered":"<p>Le quotidien de chacun r\u00e9v\u00e8le son lot d&rsquo;inconv\u00e9nients, contraintes physiques ou \u00e9motionnelles, entachant progressivement les capacit\u00e9s de notre corps \u00e0 s&rsquo;adapter \u00e0 toutes ces contraintes. Avec l&rsquo;\u00e2ge, les capacit\u00e9s d&rsquo;adaptation permettant un corps sans douleur diminuent. L&rsquo;ost\u00e9opathie permet de redonner \u00e0 votre corps ces capacit\u00e9s et permet donc de diminuer ou d&rsquo;\u00e9viter certains troubles. Troubles &hellip; <\/p>\n<p class=\"link-more\"><a href=\"https:\/\/www.osteopathe.desailly-sante.fr\/site\/adultes-et-seniors\/\" class=\"more-link\">Continuer la lecture<span class=\"screen-reader-text\"> de &laquo;&nbsp;Adultes et S\u00e9niors&nbsp;&raquo;<\/span><\/a><\/p>\n","protected":false},"author":1,"featured_media":124,"parent":0,"menu_order":0,"comment_status":"closed","ping_status":"closed","template":"","meta":{"_exactmetrics_skip_tracking":false,"_exactmetrics_sitenote_active":false,"_exactmetrics_sitenote_note":"","_exactmetrics_sitenote_category":0,"footnotes":""},"class_list":["post-94","page","type-page","status-publish","has-post-thumbnail","hentry"],"yoast_head":"<!-- This site is optimized with the Yoast SEO plugin v25.8 - https:\/\/yoast.com\/wordpress\/plugins\/seo\/ -->\n<title>Adultes et S\u00e9niors - Bastien Desailly Ost\u00e9opathe D.O<\/title>\n<meta name=\"robots\" content=\"index, follow, max-snippet:-1, max-image-preview:large, max-video-preview:-1\" \/>\n<link rel=\"canonical\" href=\"https:\/\/www.osteopathe.desailly-sante.fr\/site\/adultes-et-seniors\/\" \/>\n<meta property=\"og:locale\" content=\"fr_FR\" \/>\n<meta property=\"og:type\" content=\"article\" \/>\n<meta property=\"og:title\" content=\"Adultes et S\u00e9niors - Bastien Desailly Ost\u00e9opathe D.O\" \/>\n<meta property=\"og:description\" content=\"Le quotidien de chacun r\u00e9v\u00e8le son lot d&rsquo;inconv\u00e9nients, contraintes physiques ou \u00e9motionnelles, entachant progressivement les capacit\u00e9s de notre corps \u00e0 s&rsquo;adapter \u00e0 toutes ces contraintes. Avec l&rsquo;\u00e2ge, les capacit\u00e9s d&rsquo;adaptation permettant un corps sans douleur diminuent. L&rsquo;ost\u00e9opathie permet de redonner \u00e0 votre corps ces capacit\u00e9s et permet donc de diminuer ou d&rsquo;\u00e9viter certains troubles. Troubles &hellip; Continuer la lecture de &laquo;&nbsp;Adultes et S\u00e9niors&nbsp;&raquo;\" \/>\n<meta property=\"og:url\" content=\"https:\/\/www.osteopathe.desailly-sante.fr\/site\/adultes-et-seniors\/\" \/>\n<meta property=\"og:site_name\" content=\"Bastien Desailly Ost\u00e9opathe D.O\" \/>\n<meta property=\"article:publisher\" content=\"https:\/\/www.facebook.com\/profile.php?id=100049359626183\" \/>\n<meta property=\"article:modified_time\" content=\"2018-06-13T19:00:14+00:00\" \/>\n<meta property=\"og:image\" content=\"https:\/\/www.osteopathe.desailly-sante.fr\/site\/wp-content\/uploads\/2017\/11\/matthew-bennett-425573.jpg\" \/>\n\t<meta property=\"og:image:width\" content=\"4064\" \/>\n\t<meta property=\"og:image:height\" content=\"2710\" \/>\n\t<meta property=\"og:image:type\" content=\"image\/jpeg\" \/>\n<meta name=\"twitter:card\" content=\"summary_large_image\" \/>\n<meta name=\"twitter:label1\" content=\"Dur\u00e9e de lecture estim\u00e9e\" \/>\n\t<meta name=\"twitter:data1\" content=\"1 minute\" \/>\n<script type=\"application\/ld+json\" class=\"yoast-schema-graph\">{\"@context\":\"https:\/\/schema.org\",\"@graph\":[{\"@type\":\"WebPage\",\"@id\":\"https:\/\/www.osteopathe.desailly-sante.fr\/site\/adultes-et-seniors\/\",\"url\":\"https:\/\/www.osteopathe.desailly-sante.fr\/site\/adultes-et-seniors\/\",\"name\":\"Adultes et S\u00e9niors - Bastien Desailly Ost\u00e9opathe D.O\",\"isPartOf\":{\"@id\":\"https:\/\/www.osteopathe.desailly-sante.fr\/site\/#website\"},\"primaryImageOfPage\":{\"@id\":\"https:\/\/www.osteopathe.desailly-sante.fr\/site\/adultes-et-seniors\/#primaryimage\"},\"image\":{\"@id\":\"https:\/\/www.osteopathe.desailly-sante.fr\/site\/adultes-et-seniors\/#primaryimage\"},\"thumbnailUrl\":\"https:\/\/www.osteopathe.desailly-sante.fr\/site\/wp-content\/uploads\/2017\/11\/matthew-bennett-425573.jpg\",\"datePublished\":\"2017-11-21T16:01:03+00:00\",\"dateModified\":\"2018-06-13T19:00:14+00:00\",\"breadcrumb\":{\"@id\":\"https:\/\/www.osteopathe.desailly-sante.fr\/site\/adultes-et-seniors\/#breadcrumb\"},\"inLanguage\":\"fr-FR\",\"potentialAction\":[{\"@type\":\"ReadAction\",\"target\":[\"https:\/\/www.osteopathe.desailly-sante.fr\/site\/adultes-et-seniors\/\"]}]},{\"@type\":\"ImageObject\",\"inLanguage\":\"fr-FR\",\"@id\":\"https:\/\/www.osteopathe.desailly-sante.fr\/site\/adultes-et-seniors\/#primaryimage\",\"url\":\"https:\/\/www.osteopathe.desailly-sante.fr\/site\/wp-content\/uploads\/2017\/11\/matthew-bennett-425573.jpg\",\"contentUrl\":\"https:\/\/www.osteopathe.desailly-sante.fr\/site\/wp-content\/uploads\/2017\/11\/matthew-bennett-425573.jpg\",\"width\":4064,\"height\":2710},{\"@type\":\"BreadcrumbList\",\"@id\":\"https:\/\/www.osteopathe.desailly-sante.fr\/site\/adultes-et-seniors\/#breadcrumb\",\"itemListElement\":[{\"@type\":\"ListItem\",\"position\":1,\"name\":\"Accueil\",\"item\":\"https:\/\/www.osteopathe.desailly-sante.fr\/site\/\"},{\"@type\":\"ListItem\",\"position\":2,\"name\":\"Adultes et S\u00e9niors\"}]},{\"@type\":\"WebSite\",\"@id\":\"https:\/\/www.osteopathe.desailly-sante.fr\/site\/#website\",\"url\":\"https:\/\/www.osteopathe.desailly-sante.fr\/site\/\",\"name\":\"Bastien Desailly Ost\u00e9opathe D.O\",\"description\":\"Certification en Ost\u00e9opathie P\u00e9diatrique\",\"publisher\":{\"@id\":\"https:\/\/www.osteopathe.desailly-sante.fr\/site\/#organization\"},\"potentialAction\":[{\"@type\":\"SearchAction\",\"target\":{\"@type\":\"EntryPoint\",\"urlTemplate\":\"https:\/\/www.osteopathe.desailly-sante.fr\/site\/?s={search_term_string}\"},\"query-input\":{\"@type\":\"PropertyValueSpecification\",\"valueRequired\":true,\"valueName\":\"search_term_string\"}}],\"inLanguage\":\"fr-FR\"},{\"@type\":\"Organization\",\"@id\":\"https:\/\/www.osteopathe.desailly-sante.fr\/site\/#organization\",\"name\":\"Bastien Desailly Ost\u00e9opathe D.O\",\"url\":\"https:\/\/www.osteopathe.desailly-sante.fr\/site\/\",\"logo\":{\"@type\":\"ImageObject\",\"inLanguage\":\"fr-FR\",\"@id\":\"https:\/\/www.osteopathe.desailly-sante.fr\/site\/#\/schema\/logo\/image\/\",\"url\":\"http:\/\/www.osteopathe.desailly-sante.fr\/site\/wp-content\/uploads\/2025\/06\/preview.png\",\"contentUrl\":\"http:\/\/www.osteopathe.desailly-sante.fr\/site\/wp-content\/uploads\/2025\/06\/preview.png\",\"width\":1076,\"height\":1769,\"caption\":\"Bastien Desailly Ost\u00e9opathe D.O\"},\"image\":{\"@id\":\"https:\/\/www.osteopathe.desailly-sante.fr\/site\/#\/schema\/logo\/image\/\"},\"sameAs\":[\"https:\/\/www.facebook.com\/profile.php?id=100049359626183\"]}]}<\/script>\n<!-- \/ Yoast SEO plugin. -->","yoast_head_json":{"title":"Adultes et S\u00e9niors - Bastien Desailly Ost\u00e9opathe D.O","robots":{"index":"index","follow":"follow","max-snippet":"max-snippet:-1","max-image-preview":"max-image-preview:large","max-video-preview":"max-video-preview:-1"},"canonical":"https:\/\/www.osteopathe.desailly-sante.fr\/site\/adultes-et-seniors\/","og_locale":"fr_FR","og_type":"article","og_title":"Adultes et S\u00e9niors - Bastien Desailly Ost\u00e9opathe D.O","og_description":"Le quotidien de chacun r\u00e9v\u00e8le son lot d&rsquo;inconv\u00e9nients, contraintes physiques ou \u00e9motionnelles, entachant progressivement les capacit\u00e9s de notre corps \u00e0 s&rsquo;adapter \u00e0 toutes ces contraintes. Avec l&rsquo;\u00e2ge, les capacit\u00e9s d&rsquo;adaptation permettant un corps sans douleur diminuent. L&rsquo;ost\u00e9opathie permet de redonner \u00e0 votre corps ces capacit\u00e9s et permet donc de diminuer ou d&rsquo;\u00e9viter certains troubles. Troubles &hellip; Continuer la lecture de &laquo;&nbsp;Adultes et S\u00e9niors&nbsp;&raquo;","og_url":"https:\/\/www.osteopathe.desailly-sante.fr\/site\/adultes-et-seniors\/","og_site_name":"Bastien Desailly Ost\u00e9opathe D.O","article_publisher":"https:\/\/www.facebook.com\/profile.php?id=100049359626183","article_modified_time":"2018-06-13T19:00:14+00:00","og_image":[{"width":4064,"height":2710,"url":"https:\/\/www.osteopathe.desailly-sante.fr\/site\/wp-content\/uploads\/2017\/11\/matthew-bennett-425573.jpg","type":"image\/jpeg"}],"twitter_card":"summary_large_image","twitter_misc":{"Dur\u00e9e de lecture estim\u00e9e":"1 minute"},"schema":{"@context":"https:\/\/schema.org","@graph":[{"@type":"WebPage","@id":"https:\/\/www.osteopathe.desailly-sante.fr\/site\/adultes-et-seniors\/","url":"https:\/\/www.osteopathe.desailly-sante.fr\/site\/adultes-et-seniors\/","name":"Adultes et S\u00e9niors - Bastien Desailly Ost\u00e9opathe D.O","isPartOf":{"@id":"https:\/\/www.osteopathe.desailly-sante.fr\/site\/#website"},"primaryImageOfPage":{"@id":"https:\/\/www.osteopathe.desailly-sante.fr\/site\/adultes-et-seniors\/#primaryimage"},"image":{"@id":"https:\/\/www.osteopathe.desailly-sante.fr\/site\/adultes-et-seniors\/#primaryimage"},"thumbnailUrl":"https:\/\/www.osteopathe.desailly-sante.fr\/site\/wp-content\/uploads\/2017\/11\/matthew-bennett-425573.jpg","datePublished":"2017-11-21T16:01:03+00:00","dateModified":"2018-06-13T19:00:14+00:00","breadcrumb":{"@id":"https:\/\/www.osteopathe.desailly-sante.fr\/site\/adultes-et-seniors\/#breadcrumb"},"inLanguage":"fr-FR","potentialAction":[{"@type":"ReadAction","target":["https:\/\/www.osteopathe.desailly-sante.fr\/site\/adultes-et-seniors\/"]}]},{"@type":"ImageObject","inLanguage":"fr-FR","@id":"https:\/\/www.osteopathe.desailly-sante.fr\/site\/adultes-et-seniors\/#primaryimage","url":"https:\/\/www.osteopathe.desailly-sante.fr\/site\/wp-content\/uploads\/2017\/11\/matthew-bennett-425573.jpg","contentUrl":"https:\/\/www.osteopathe.desailly-sante.fr\/site\/wp-content\/uploads\/2017\/11\/matthew-bennett-425573.jpg","width":4064,"height":2710},{"@type":"BreadcrumbList","@id":"https:\/\/www.osteopathe.desailly-sante.fr\/site\/adultes-et-seniors\/#breadcrumb","itemListElement":[{"@type":"ListItem","position":1,"name":"Accueil","item":"https:\/\/www.osteopathe.desailly-sante.fr\/site\/"},{"@type":"ListItem","position":2,"name":"Adultes et S\u00e9niors"}]},{"@type":"WebSite","@id":"https:\/\/www.osteopathe.desailly-sante.fr\/site\/#website","url":"https:\/\/www.osteopathe.desailly-sante.fr\/site\/","name":"Bastien Desailly Ost\u00e9opathe D.O","description":"Certification en Ost\u00e9opathie P\u00e9diatrique","publisher":{"@id":"https:\/\/www.osteopathe.desailly-sante.fr\/site\/#organization"},"potentialAction":[{"@type":"SearchAction","target":{"@type":"EntryPoint","urlTemplate":"https:\/\/www.osteopathe.desailly-sante.fr\/site\/?s={search_term_string}"},"query-input":{"@type":"PropertyValueSpecification","valueRequired":true,"valueName":"search_term_string"}}],"inLanguage":"fr-FR"},{"@type":"Organization","@id":"https:\/\/www.osteopathe.desailly-sante.fr\/site\/#organization","name":"Bastien Desailly Ost\u00e9opathe D.O","url":"https:\/\/www.osteopathe.desailly-sante.fr\/site\/","logo":{"@type":"ImageObject","inLanguage":"fr-FR","@id":"https:\/\/www.osteopathe.desailly-sante.fr\/site\/#\/schema\/logo\/image\/","url":"http:\/\/www.osteopathe.desailly-sante.fr\/site\/wp-content\/uploads\/2025\/06\/preview.png","contentUrl":"http:\/\/www.osteopathe.desailly-sante.fr\/site\/wp-content\/uploads\/2025\/06\/preview.png","width":1076,"height":1769,"caption":"Bastien Desailly Ost\u00e9opathe D.O"},"image":{"@id":"https:\/\/www.osteopathe.desailly-sante.fr\/site\/#\/schema\/logo\/image\/"},"sameAs":["https:\/\/www.facebook.com\/profile.php?id=100049359626183"]}]}},"_links":{"self":[{"href":"https:\/\/www.osteopathe.desailly-sante.fr\/site\/wp-json\/wp\/v2\/pages\/94","targetHints":{"allow":["GET"]}}],"collection":[{"href":"https:\/\/www.osteopathe.desailly-sante.fr\/site\/wp-json\/wp\/v2\/pages"}],"about":[{"href":"https:\/\/www.osteopathe.desailly-sante.fr\/site\/wp-json\/wp\/v2\/types\/page"}],"author":[{"embeddable":true,"href":"https:\/\/www.osteopathe.desailly-sante.fr\/site\/wp-json\/wp\/v2\/users\/1"}],"replies":[{"embeddable":true,"href":"https:\/\/www.osteopathe.desailly-sante.fr\/site\/wp-json\/wp\/v2\/comments?post=94"}],"version-history":[{"count":8,"href":"https:\/\/www.osteopathe.desailly-sante.fr\/site\/wp-json\/wp\/v2\/pages\/94\/revisions"}],"predecessor-version":[{"id":199,"href":"https:\/\/www.osteopathe.desailly-sante.fr\/site\/wp-json\/wp\/v2\/pages\/94\/revisions\/199"}],"wp:featuredmedia":[{"embeddable":true,"href":"https:\/\/www.osteopathe.desailly-sante.fr\/site\/wp-json\/wp\/v2\/media\/124"}],"wp:attachment":[{"href":"https:\/\/www.osteopathe.desailly-sante.fr\/site\/wp-json\/wp\/v2\/media?parent=94"}],"curies":[{"name":"wp","href":"https:\/\/api.w.org\/{rel}","templated":true}]}}