{"id":97,"date":"2017-11-21T17:58:05","date_gmt":"2017-11-21T16:58:05","guid":{"rendered":"http:\/\/www.osteopathe.desailly-sante.fr\/site\/?page_id=97"},"modified":"2018-06-13T21:11:01","modified_gmt":"2018-06-13T19:11:01","slug":"sportifs","status":"publish","type":"page","link":"https:\/\/www.osteopathe.desailly-sante.fr\/site\/sportifs\/","title":{"rendered":"Sportifs"},"content":{"rendered":"<p>Sportifs occasionnels ou confirm\u00e9s, votre corps subit des contraintes suppl\u00e9mentaires aux personnes plus \u00ab\u00a0s\u00e9dentaires\u00a0\u00bb pouvant laisser des traces sur votre corps.<\/p>\n<p>L&rsquo;ost\u00e9opathie est une th\u00e9rapie au service d&rsquo;une pratique sportive plus lib\u00e9r\u00e9e ou plus performante.<\/p>\n<hr \/>\n<ul>\n<li>Pr\u00e9vention : toute douleur est un signal pour alerter votre corps; laisser trainer cette douleur c&rsquo;est risquer une \u00e9ventuelle blessure. Il est int\u00e9ressant de consulter durant votre saison ou durant la pr\u00e9paration d&rsquo;une comp\u00e9tition.<\/li>\n<\/ul>\n<p>&nbsp;<\/p>\n<ul>\n<li>Curatif et r\u00e9athl\u00e9tisation : apr\u00e8s un traumatisme minime comme une chirurgie, votre corps accumule des tensions pouvant diminuer la mobilit\u00e9 des diff\u00e9rentes structures. Lib\u00e9rer les tensions c&rsquo;est am\u00e9liorer son retour \u00e0 l&rsquo;activit\u00e9 sportive.<\/li>\n<\/ul>\n<p>&nbsp;<\/p>\n<ul>\n<li>Performance : un blocage \u00a0ou une tension dans votre corps peut entrainer une compensation g\u00e9n\u00e9rale de celui-ci, affectant votre posture et les diff\u00e9rentes chaines musculaires. Si ces chaines n&rsquo;interviennent pas correctement dans votre activit\u00e9, cela peut \u00eatre un geste qui n&rsquo;est pas optimal \u00e0 100%, pouvant ainsi r\u00e9duire vos performances ou votre r\u00e9cup\u00e9ration.<\/li>\n<\/ul>\n<hr \/>\n<p><i>Pour une efficacit\u00e9\u00a0optimale, \u00a0il est conseill\u00e9 d&rsquo;observer un temps de repos (sans activit\u00e9 donc) durant minimum 24h apr\u00e8s une s\u00e9ance. Donc n&rsquo;h\u00e9sitez pas \u00e0 pr\u00e9voir votre s\u00e9ance d&rsquo;ost\u00e9opathie en\u00a0fonction de votre planning d&rsquo;entrainement.\u00a0<\/i><\/p>\n","protected":false},"excerpt":{"rendered":"<p>Sportifs occasionnels ou confirm\u00e9s, votre corps subit des contraintes suppl\u00e9mentaires aux personnes plus \u00ab\u00a0s\u00e9dentaires\u00a0\u00bb pouvant laisser des traces sur votre corps. L&rsquo;ost\u00e9opathie est une th\u00e9rapie au service d&rsquo;une pratique sportive plus lib\u00e9r\u00e9e ou plus performante. Pr\u00e9vention : toute douleur est un signal pour alerter votre corps; laisser trainer cette douleur c&rsquo;est risquer une \u00e9ventuelle blessure. &hellip; <\/p>\n<p class=\"link-more\"><a href=\"https:\/\/www.osteopathe.desailly-sante.fr\/site\/sportifs\/\" class=\"more-link\">Continuer la lecture<span class=\"screen-reader-text\"> de &laquo;&nbsp;Sportifs&nbsp;&raquo;<\/span><\/a><\/p>\n","protected":false},"author":1,"featured_media":120,"parent":0,"menu_order":0,"comment_status":"closed","ping_status":"closed","template":"","meta":{"_exactmetrics_skip_tracking":false,"_exactmetrics_sitenote_active":false,"_exactmetrics_sitenote_note":"","_exactmetrics_sitenote_category":0,"footnotes":""},"class_list":["post-97","page","type-page","status-publish","has-post-thumbnail","hentry"],"yoast_head":"<!-- This site is optimized with the Yoast SEO plugin v25.8 - https:\/\/yoast.com\/wordpress\/plugins\/seo\/ -->\n<title>Sportifs - Bastien Desailly Ost\u00e9opathe D.O<\/title>\n<meta name=\"robots\" content=\"index, follow, max-snippet:-1, max-image-preview:large, max-video-preview:-1\" \/>\n<link rel=\"canonical\" href=\"http:\/\/www.osteopathe.desailly-sante.fr\/site\/sportifs\/\" \/>\n<meta property=\"og:locale\" content=\"fr_FR\" \/>\n<meta property=\"og:type\" content=\"article\" \/>\n<meta property=\"og:title\" content=\"Sportifs - Bastien Desailly Ost\u00e9opathe D.O\" \/>\n<meta property=\"og:description\" content=\"Sportifs occasionnels ou confirm\u00e9s, votre corps subit des contraintes suppl\u00e9mentaires aux personnes plus \u00ab\u00a0s\u00e9dentaires\u00a0\u00bb pouvant laisser des traces sur votre corps. L&rsquo;ost\u00e9opathie est une th\u00e9rapie au service d&rsquo;une pratique sportive plus lib\u00e9r\u00e9e ou plus performante. Pr\u00e9vention : toute douleur est un signal pour alerter votre corps; laisser trainer cette douleur c&rsquo;est risquer une \u00e9ventuelle blessure. &hellip; Continuer la lecture de &laquo;&nbsp;Sportifs&nbsp;&raquo;\" \/>\n<meta property=\"og:url\" content=\"http:\/\/www.osteopathe.desailly-sante.fr\/site\/sportifs\/\" \/>\n<meta property=\"og:site_name\" content=\"Bastien Desailly Ost\u00e9opathe D.O\" \/>\n<meta property=\"article:publisher\" content=\"https:\/\/www.facebook.com\/profile.php?id=100049359626183\" \/>\n<meta property=\"article:modified_time\" content=\"2018-06-13T19:11:01+00:00\" \/>\n<meta property=\"og:image\" content=\"http:\/\/www.osteopathe.desailly-sante.fr\/site\/wp-content\/uploads\/2017\/11\/braden-collum-87874-1024x683.jpg\" \/>\n\t<meta property=\"og:image:width\" content=\"1024\" \/>\n\t<meta property=\"og:image:height\" content=\"683\" \/>\n\t<meta property=\"og:image:type\" content=\"image\/jpeg\" \/>\n<meta name=\"twitter:card\" content=\"summary_large_image\" \/>\n<meta name=\"twitter:label1\" content=\"Dur\u00e9e de lecture estim\u00e9e\" \/>\n\t<meta name=\"twitter:data1\" content=\"1 minute\" \/>\n<script type=\"application\/ld+json\" class=\"yoast-schema-graph\">{\"@context\":\"https:\/\/schema.org\",\"@graph\":[{\"@type\":\"WebPage\",\"@id\":\"http:\/\/www.osteopathe.desailly-sante.fr\/site\/sportifs\/\",\"url\":\"http:\/\/www.osteopathe.desailly-sante.fr\/site\/sportifs\/\",\"name\":\"Sportifs - Bastien Desailly Ost\u00e9opathe D.O\",\"isPartOf\":{\"@id\":\"https:\/\/www.osteopathe.desailly-sante.fr\/site\/#website\"},\"primaryImageOfPage\":{\"@id\":\"http:\/\/www.osteopathe.desailly-sante.fr\/site\/sportifs\/#primaryimage\"},\"image\":{\"@id\":\"http:\/\/www.osteopathe.desailly-sante.fr\/site\/sportifs\/#primaryimage\"},\"thumbnailUrl\":\"https:\/\/www.osteopathe.desailly-sante.fr\/site\/wp-content\/uploads\/2017\/11\/braden-collum-87874.jpg\",\"datePublished\":\"2017-11-21T16:58:05+00:00\",\"dateModified\":\"2018-06-13T19:11:01+00:00\",\"breadcrumb\":{\"@id\":\"http:\/\/www.osteopathe.desailly-sante.fr\/site\/sportifs\/#breadcrumb\"},\"inLanguage\":\"fr-FR\",\"potentialAction\":[{\"@type\":\"ReadAction\",\"target\":[\"http:\/\/www.osteopathe.desailly-sante.fr\/site\/sportifs\/\"]}]},{\"@type\":\"ImageObject\",\"inLanguage\":\"fr-FR\",\"@id\":\"http:\/\/www.osteopathe.desailly-sante.fr\/site\/sportifs\/#primaryimage\",\"url\":\"https:\/\/www.osteopathe.desailly-sante.fr\/site\/wp-content\/uploads\/2017\/11\/braden-collum-87874.jpg\",\"contentUrl\":\"https:\/\/www.osteopathe.desailly-sante.fr\/site\/wp-content\/uploads\/2017\/11\/braden-collum-87874.jpg\",\"width\":3481,\"height\":2321},{\"@type\":\"BreadcrumbList\",\"@id\":\"http:\/\/www.osteopathe.desailly-sante.fr\/site\/sportifs\/#breadcrumb\",\"itemListElement\":[{\"@type\":\"ListItem\",\"position\":1,\"name\":\"Accueil\",\"item\":\"https:\/\/www.osteopathe.desailly-sante.fr\/site\/\"},{\"@type\":\"ListItem\",\"position\":2,\"name\":\"Sportifs\"}]},{\"@type\":\"WebSite\",\"@id\":\"https:\/\/www.osteopathe.desailly-sante.fr\/site\/#website\",\"url\":\"https:\/\/www.osteopathe.desailly-sante.fr\/site\/\",\"name\":\"Bastien Desailly Ost\u00e9opathe D.O\",\"description\":\"Certification en Ost\u00e9opathie P\u00e9diatrique\",\"publisher\":{\"@id\":\"https:\/\/www.osteopathe.desailly-sante.fr\/site\/#organization\"},\"potentialAction\":[{\"@type\":\"SearchAction\",\"target\":{\"@type\":\"EntryPoint\",\"urlTemplate\":\"https:\/\/www.osteopathe.desailly-sante.fr\/site\/?s={search_term_string}\"},\"query-input\":{\"@type\":\"PropertyValueSpecification\",\"valueRequired\":true,\"valueName\":\"search_term_string\"}}],\"inLanguage\":\"fr-FR\"},{\"@type\":\"Organization\",\"@id\":\"https:\/\/www.osteopathe.desailly-sante.fr\/site\/#organization\",\"name\":\"Bastien Desailly Ost\u00e9opathe D.O\",\"url\":\"https:\/\/www.osteopathe.desailly-sante.fr\/site\/\",\"logo\":{\"@type\":\"ImageObject\",\"inLanguage\":\"fr-FR\",\"@id\":\"https:\/\/www.osteopathe.desailly-sante.fr\/site\/#\/schema\/logo\/image\/\",\"url\":\"http:\/\/www.osteopathe.desailly-sante.fr\/site\/wp-content\/uploads\/2025\/06\/preview.png\",\"contentUrl\":\"http:\/\/www.osteopathe.desailly-sante.fr\/site\/wp-content\/uploads\/2025\/06\/preview.png\",\"width\":1076,\"height\":1769,\"caption\":\"Bastien Desailly Ost\u00e9opathe D.O\"},\"image\":{\"@id\":\"https:\/\/www.osteopathe.desailly-sante.fr\/site\/#\/schema\/logo\/image\/\"},\"sameAs\":[\"https:\/\/www.facebook.com\/profile.php?id=100049359626183\"]}]}<\/script>\n<!-- \/ Yoast SEO plugin. -->","yoast_head_json":{"title":"Sportifs - Bastien Desailly Ost\u00e9opathe D.O","robots":{"index":"index","follow":"follow","max-snippet":"max-snippet:-1","max-image-preview":"max-image-preview:large","max-video-preview":"max-video-preview:-1"},"canonical":"http:\/\/www.osteopathe.desailly-sante.fr\/site\/sportifs\/","og_locale":"fr_FR","og_type":"article","og_title":"Sportifs - Bastien Desailly Ost\u00e9opathe D.O","og_description":"Sportifs occasionnels ou confirm\u00e9s, votre corps subit des contraintes suppl\u00e9mentaires aux personnes plus \u00ab\u00a0s\u00e9dentaires\u00a0\u00bb pouvant laisser des traces sur votre corps. L&rsquo;ost\u00e9opathie est une th\u00e9rapie au service d&rsquo;une pratique sportive plus lib\u00e9r\u00e9e ou plus performante. Pr\u00e9vention : toute douleur est un signal pour alerter votre corps; laisser trainer cette douleur c&rsquo;est risquer une \u00e9ventuelle blessure. &hellip; Continuer la lecture de &laquo;&nbsp;Sportifs&nbsp;&raquo;","og_url":"http:\/\/www.osteopathe.desailly-sante.fr\/site\/sportifs\/","og_site_name":"Bastien Desailly Ost\u00e9opathe D.O","article_publisher":"https:\/\/www.facebook.com\/profile.php?id=100049359626183","article_modified_time":"2018-06-13T19:11:01+00:00","og_image":[{"width":1024,"height":683,"url":"http:\/\/www.osteopathe.desailly-sante.fr\/site\/wp-content\/uploads\/2017\/11\/braden-collum-87874-1024x683.jpg","type":"image\/jpeg"}],"twitter_card":"summary_large_image","twitter_misc":{"Dur\u00e9e de lecture estim\u00e9e":"1 minute"},"schema":{"@context":"https:\/\/schema.org","@graph":[{"@type":"WebPage","@id":"http:\/\/www.osteopathe.desailly-sante.fr\/site\/sportifs\/","url":"http:\/\/www.osteopathe.desailly-sante.fr\/site\/sportifs\/","name":"Sportifs - Bastien Desailly Ost\u00e9opathe D.O","isPartOf":{"@id":"https:\/\/www.osteopathe.desailly-sante.fr\/site\/#website"},"primaryImageOfPage":{"@id":"http:\/\/www.osteopathe.desailly-sante.fr\/site\/sportifs\/#primaryimage"},"image":{"@id":"http:\/\/www.osteopathe.desailly-sante.fr\/site\/sportifs\/#primaryimage"},"thumbnailUrl":"https:\/\/www.osteopathe.desailly-sante.fr\/site\/wp-content\/uploads\/2017\/11\/braden-collum-87874.jpg","datePublished":"2017-11-21T16:58:05+00:00","dateModified":"2018-06-13T19:11:01+00:00","breadcrumb":{"@id":"http:\/\/www.osteopathe.desailly-sante.fr\/site\/sportifs\/#breadcrumb"},"inLanguage":"fr-FR","potentialAction":[{"@type":"ReadAction","target":["http:\/\/www.osteopathe.desailly-sante.fr\/site\/sportifs\/"]}]},{"@type":"ImageObject","inLanguage":"fr-FR","@id":"http:\/\/www.osteopathe.desailly-sante.fr\/site\/sportifs\/#primaryimage","url":"https:\/\/www.osteopathe.desailly-sante.fr\/site\/wp-content\/uploads\/2017\/11\/braden-collum-87874.jpg","contentUrl":"https:\/\/www.osteopathe.desailly-sante.fr\/site\/wp-content\/uploads\/2017\/11\/braden-collum-87874.jpg","width":3481,"height":2321},{"@type":"BreadcrumbList","@id":"http:\/\/www.osteopathe.desailly-sante.fr\/site\/sportifs\/#breadcrumb","itemListElement":[{"@type":"ListItem","position":1,"name":"Accueil","item":"https:\/\/www.osteopathe.desailly-sante.fr\/site\/"},{"@type":"ListItem","position":2,"name":"Sportifs"}]},{"@type":"WebSite","@id":"https:\/\/www.osteopathe.desailly-sante.fr\/site\/#website","url":"https:\/\/www.osteopathe.desailly-sante.fr\/site\/","name":"Bastien Desailly Ost\u00e9opathe D.O","description":"Certification en Ost\u00e9opathie P\u00e9diatrique","publisher":{"@id":"https:\/\/www.osteopathe.desailly-sante.fr\/site\/#organization"},"potentialAction":[{"@type":"SearchAction","target":{"@type":"EntryPoint","urlTemplate":"https:\/\/www.osteopathe.desailly-sante.fr\/site\/?s={search_term_string}"},"query-input":{"@type":"PropertyValueSpecification","valueRequired":true,"valueName":"search_term_string"}}],"inLanguage":"fr-FR"},{"@type":"Organization","@id":"https:\/\/www.osteopathe.desailly-sante.fr\/site\/#organization","name":"Bastien Desailly Ost\u00e9opathe D.O","url":"https:\/\/www.osteopathe.desailly-sante.fr\/site\/","logo":{"@type":"ImageObject","inLanguage":"fr-FR","@id":"https:\/\/www.osteopathe.desailly-sante.fr\/site\/#\/schema\/logo\/image\/","url":"http:\/\/www.osteopathe.desailly-sante.fr\/site\/wp-content\/uploads\/2025\/06\/preview.png","contentUrl":"http:\/\/www.osteopathe.desailly-sante.fr\/site\/wp-content\/uploads\/2025\/06\/preview.png","width":1076,"height":1769,"caption":"Bastien Desailly Ost\u00e9opathe D.O"},"image":{"@id":"https:\/\/www.osteopathe.desailly-sante.fr\/site\/#\/schema\/logo\/image\/"},"sameAs":["https:\/\/www.facebook.com\/profile.php?id=100049359626183"]}]}},"_links":{"self":[{"href":"https:\/\/www.osteopathe.desailly-sante.fr\/site\/wp-json\/wp\/v2\/pages\/97","targetHints":{"allow":["GET"]}}],"collection":[{"href":"https:\/\/www.osteopathe.desailly-sante.fr\/site\/wp-json\/wp\/v2\/pages"}],"about":[{"href":"https:\/\/www.osteopathe.desailly-sante.fr\/site\/wp-json\/wp\/v2\/types\/page"}],"author":[{"embeddable":true,"href":"https:\/\/www.osteopathe.desailly-sante.fr\/site\/wp-json\/wp\/v2\/users\/1"}],"replies":[{"embeddable":true,"href":"https:\/\/www.osteopathe.desailly-sante.fr\/site\/wp-json\/wp\/v2\/comments?post=97"}],"version-history":[{"count":5,"href":"https:\/\/www.osteopathe.desailly-sante.fr\/site\/wp-json\/wp\/v2\/pages\/97\/revisions"}],"predecessor-version":[{"id":207,"href":"https:\/\/www.osteopathe.desailly-sante.fr\/site\/wp-json\/wp\/v2\/pages\/97\/revisions\/207"}],"wp:featuredmedia":[{"embeddable":true,"href":"https:\/\/www.osteopathe.desailly-sante.fr\/site\/wp-json\/wp\/v2\/media\/120"}],"wp:attachment":[{"href":"https:\/\/www.osteopathe.desailly-sante.fr\/site\/wp-json\/wp\/v2\/media?parent=97"}],"curies":[{"name":"wp","href":"https:\/\/api.w.org\/{rel}","templated":true}]}}